{"id":9565,"date":"2024-12-20T12:56:53","date_gmt":"2024-12-20T17:56:53","guid":{"rendered":"https:\/\/mazmanuelaalvarez.com\/?post_type=product&#038;p=9565"},"modified":"2024-12-20T12:59:23","modified_gmt":"2024-12-20T17:59:23","slug":"saco-tejido-trenzas-largas-copy","status":"publish","type":"product","link":"https:\/\/mazmanuelaalvarez.com\/es\/producto\/saco-tejido-trenzas-largas-copy\/","title":{"rendered":"SACO CARACOL ACORDEON"},"content":{"rendered":"","protected":false},"excerpt":{"rendered":"<p><span style=\"font-weight: 400;\">Una de las piezas m\u00e1s elaboradas de la colecci\u00f3n, con una silueta inspirada en la forma del caracol. Su patronaje en c\u00edrculo perfecto se construy\u00f3 a partir de 16 piezas de diferentes tama\u00f1os que disminuyeron gradualmente su escala. Cada vena visible en el tejido es testimonio de un proceso artesanal \u00fanico: la tejedora crea un doble tejido al trabajar por un lado, girar el material y volver a tejer por el otro, aportando volumen, estructura y un acabado impecable a la prenda.<\/span><\/p>\n","protected":false},"featured_media":9788,"comment_status":"closed","ping_status":"closed","template":"","meta":[],"product_cat":[240,164,155],"product_tag":[254,243],"class_list":{"0":"post-9565","1":"product","2":"type-product","3":"status-publish","4":"has-post-thumbnail","6":"product_cat-la-alquimista-es","7":"product_cat-tejido-de-punto","8":"product_cat-sacos","9":"product_tag-sacos","10":"product_tag-tejido-de-punto","12":"first","13":"instock","14":"featured","15":"shipping-taxable","16":"purchasable","17":"product-type-variable"},"_links":{"self":[{"href":"https:\/\/mazmanuelaalvarez.com\/es\/wp-json\/wp\/v2\/product\/9565","targetHints":{"allow":["GET"]}}],"collection":[{"href":"https:\/\/mazmanuelaalvarez.com\/es\/wp-json\/wp\/v2\/product"}],"about":[{"href":"https:\/\/mazmanuelaalvarez.com\/es\/wp-json\/wp\/v2\/types\/product"}],"replies":[{"embeddable":true,"href":"https:\/\/mazmanuelaalvarez.com\/es\/wp-json\/wp\/v2\/comments?post=9565"}],"wp:featuredmedia":[{"embeddable":true,"href":"https:\/\/mazmanuelaalvarez.com\/es\/wp-json\/wp\/v2\/media\/9788"}],"wp:attachment":[{"href":"https:\/\/mazmanuelaalvarez.com\/es\/wp-json\/wp\/v2\/media?parent=9565"}],"wp:term":[{"taxonomy":"product_cat","embeddable":true,"href":"https:\/\/mazmanuelaalvarez.com\/es\/wp-json\/wp\/v2\/product_cat?post=9565"},{"taxonomy":"product_tag","embeddable":true,"href":"https:\/\/mazmanuelaalvarez.com\/es\/wp-json\/wp\/v2\/product_tag?post=9565"}],"curies":[{"name":"wp","href":"https:\/\/api.w.org\/{rel}","templated":true}]}}