{"id":9512,"date":"2024-12-20T12:56:53","date_gmt":"2024-12-20T17:56:53","guid":{"rendered":"https:\/\/mazmanuelaalvarez.com\/?post_type=product&#038;p=9512"},"modified":"2024-12-20T13:32:35","modified_gmt":"2024-12-20T18:32:35","slug":"fajon-camisero-rayas","status":"publish","type":"product","link":"https:\/\/mazmanuelaalvarez.com\/es\/producto\/fajon-camisero-rayas\/","title":{"rendered":"FAJON CAMISERO RAYAS"},"content":{"rendered":"","protected":false},"excerpt":{"rendered":"<p><span style=\"font-weight: 400;\">Un accesorio distintivo de MAZ que fusiona funcionalidad y elegancia. Su alma r\u00edgida forrada en algod\u00f3n peruano pima 100%, ofrece un acabado suave que contrasta con la fuerza de sus broches met\u00e1licos. La silueta \u00fanica, inspirada en las monta\u00f1as de los Andes colombianos, tiene descargas en la parte delantera y trasera que acent\u00faan la figura, mientras sus cierres ajustables permiten adaptarse a diferentes contornos de cintura en una misma talla. Un s\u00edmbolo de versatilidad que eleva cualquier look.<\/span><\/p>\n","protected":false},"featured_media":12717,"comment_status":"closed","ping_status":"closed","template":"","meta":[],"product_cat":[240,173],"product_tag":[218,249],"class_list":{"0":"post-9512","1":"product","2":"type-product","3":"status-publish","4":"has-post-thumbnail","6":"product_cat-la-alquimista-es","7":"product_cat-accesorios","8":"product_tag-accesorios","9":"product_tag-fajones","11":"first","12":"onbackorder","13":"featured","14":"shipping-taxable","15":"purchasable","16":"product-type-variable"},"_links":{"self":[{"href":"https:\/\/mazmanuelaalvarez.com\/es\/wp-json\/wp\/v2\/product\/9512","targetHints":{"allow":["GET"]}}],"collection":[{"href":"https:\/\/mazmanuelaalvarez.com\/es\/wp-json\/wp\/v2\/product"}],"about":[{"href":"https:\/\/mazmanuelaalvarez.com\/es\/wp-json\/wp\/v2\/types\/product"}],"replies":[{"embeddable":true,"href":"https:\/\/mazmanuelaalvarez.com\/es\/wp-json\/wp\/v2\/comments?post=9512"}],"wp:featuredmedia":[{"embeddable":true,"href":"https:\/\/mazmanuelaalvarez.com\/es\/wp-json\/wp\/v2\/media\/12717"}],"wp:attachment":[{"href":"https:\/\/mazmanuelaalvarez.com\/es\/wp-json\/wp\/v2\/media?parent=9512"}],"wp:term":[{"taxonomy":"product_cat","embeddable":true,"href":"https:\/\/mazmanuelaalvarez.com\/es\/wp-json\/wp\/v2\/product_cat?post=9512"},{"taxonomy":"product_tag","embeddable":true,"href":"https:\/\/mazmanuelaalvarez.com\/es\/wp-json\/wp\/v2\/product_tag?post=9512"}],"curies":[{"name":"wp","href":"https:\/\/api.w.org\/{rel}","templated":true}]}}