{"id":9453,"date":"2024-12-20T12:56:54","date_gmt":"2024-12-20T17:56:54","guid":{"rendered":"https:\/\/mazmanuelaalvarez.com\/?post_type=product&#038;p=9453"},"modified":"2024-12-20T12:59:22","modified_gmt":"2024-12-20T17:59:22","slug":"pantalon-baggy-lino-copy-copy-2","status":"publish","type":"product","link":"https:\/\/mazmanuelaalvarez.com\/es\/producto\/pantalon-baggy-lino-copy-copy-2\/","title":{"rendered":"PANTAL\u00d3N CULOTTE JAPON\u00c9S DRIL"},"content":{"rendered":"","protected":false},"excerpt":{"rendered":"<p><span style=\"font-weight: 400;\">Su parecido a un skirt pant le da al pantal\u00f3n culotte japon\u00e9s una onda moderna y fresca. Confeccionado en drill de algod\u00f3n, esta prenda es una oda al dise\u00f1o minimalista por medio de sus pliegues inspirados en l\u00edneas arquitect\u00f3nicas ancestrales de Jap\u00f3n, que redefinen su volumen y estructura creando un look funcional.<\/span><\/p>\n","protected":false},"featured_media":9463,"comment_status":"closed","ping_status":"closed","template":"","meta":[],"product_cat":[240,158],"product_tag":[223],"class_list":{"0":"post-9453","1":"product","2":"type-product","3":"status-publish","4":"has-post-thumbnail","6":"product_cat-la-alquimista-es","7":"product_cat-inferiores","8":"product_tag-pantalones-es","10":"first","11":"instock","12":"featured","13":"shipping-taxable","14":"purchasable","15":"product-type-variable"},"_links":{"self":[{"href":"https:\/\/mazmanuelaalvarez.com\/es\/wp-json\/wp\/v2\/product\/9453","targetHints":{"allow":["GET"]}}],"collection":[{"href":"https:\/\/mazmanuelaalvarez.com\/es\/wp-json\/wp\/v2\/product"}],"about":[{"href":"https:\/\/mazmanuelaalvarez.com\/es\/wp-json\/wp\/v2\/types\/product"}],"replies":[{"embeddable":true,"href":"https:\/\/mazmanuelaalvarez.com\/es\/wp-json\/wp\/v2\/comments?post=9453"}],"wp:featuredmedia":[{"embeddable":true,"href":"https:\/\/mazmanuelaalvarez.com\/es\/wp-json\/wp\/v2\/media\/9463"}],"wp:attachment":[{"href":"https:\/\/mazmanuelaalvarez.com\/es\/wp-json\/wp\/v2\/media?parent=9453"}],"wp:term":[{"taxonomy":"product_cat","embeddable":true,"href":"https:\/\/mazmanuelaalvarez.com\/es\/wp-json\/wp\/v2\/product_cat?post=9453"},{"taxonomy":"product_tag","embeddable":true,"href":"https:\/\/mazmanuelaalvarez.com\/es\/wp-json\/wp\/v2\/product_tag?post=9453"}],"curies":[{"name":"wp","href":"https:\/\/api.w.org\/{rel}","templated":true}]}}