{"id":9431,"date":"2024-12-20T12:56:54","date_gmt":"2024-12-20T17:56:54","guid":{"rendered":"https:\/\/mazmanuelaalvarez.com\/?post_type=product&#038;p=9431"},"modified":"2025-05-06T20:47:15","modified_gmt":"2025-05-07T01:47:15","slug":"pantalon-baggy-lino-copy-copy","status":"publish","type":"product","link":"https:\/\/mazmanuelaalvarez.com\/es\/producto\/pantalon-baggy-lino-copy-copy\/","title":{"rendered":"BERMUDA JAPONESA DRIL"},"content":{"rendered":"","protected":false},"excerpt":{"rendered":"<p><span style=\"font-weight: 400;\">Esta bermuda en drill de algod\u00f3n rinde homenaje a las t\u00e9cnicas ancestrales de plegado textil reinterpretadas por MAZ con una visi\u00f3n contempor\u00e1nea. Los pliegues japoneses con arquitectura precisa inician en la pretina y bajan hasta el final de la prenda, logrando junto con la longitud estilo skirt pant, una look atemporal y moderno.<\/span><\/p>\n","protected":false},"featured_media":9441,"comment_status":"closed","ping_status":"closed","template":"","meta":[],"product_cat":[240,158],"product_tag":[223],"class_list":{"0":"post-9431","1":"product","2":"type-product","3":"status-publish","4":"has-post-thumbnail","6":"product_cat-la-alquimista-es","7":"product_cat-inferiores","8":"product_tag-pantalones-es","10":"first","11":"instock","12":"featured","13":"shipping-taxable","14":"purchasable","15":"product-type-variable"},"_links":{"self":[{"href":"https:\/\/mazmanuelaalvarez.com\/es\/wp-json\/wp\/v2\/product\/9431","targetHints":{"allow":["GET"]}}],"collection":[{"href":"https:\/\/mazmanuelaalvarez.com\/es\/wp-json\/wp\/v2\/product"}],"about":[{"href":"https:\/\/mazmanuelaalvarez.com\/es\/wp-json\/wp\/v2\/types\/product"}],"replies":[{"embeddable":true,"href":"https:\/\/mazmanuelaalvarez.com\/es\/wp-json\/wp\/v2\/comments?post=9431"}],"wp:featuredmedia":[{"embeddable":true,"href":"https:\/\/mazmanuelaalvarez.com\/es\/wp-json\/wp\/v2\/media\/9441"}],"wp:attachment":[{"href":"https:\/\/mazmanuelaalvarez.com\/es\/wp-json\/wp\/v2\/media?parent=9431"}],"wp:term":[{"taxonomy":"product_cat","embeddable":true,"href":"https:\/\/mazmanuelaalvarez.com\/es\/wp-json\/wp\/v2\/product_cat?post=9431"},{"taxonomy":"product_tag","embeddable":true,"href":"https:\/\/mazmanuelaalvarez.com\/es\/wp-json\/wp\/v2\/product_tag?post=9431"}],"curies":[{"name":"wp","href":"https:\/\/api.w.org\/{rel}","templated":true}]}}