{"id":9339,"date":"2024-12-20T12:56:55","date_gmt":"2024-12-20T17:56:55","guid":{"rendered":"https:\/\/mazmanuelaalvarez.com\/?post_type=product&#038;p=9339"},"modified":"2024-12-20T12:59:22","modified_gmt":"2024-12-20T17:59:22","slug":"vestido-tejido-mini-trenzas-curvas-copy-copy-copy-copy","status":"publish","type":"product","link":"https:\/\/mazmanuelaalvarez.com\/es\/producto\/vestido-tejido-mini-trenzas-curvas-copy-copy-copy-copy\/","title":{"rendered":"VESTIDO CAMISERO TOP SURCOS"},"content":{"rendered":"","protected":false},"excerpt":{"rendered":"<p><span style=\"font-weight: 400;\">Confeccionado en gasa de lino 100%, el vestido camisero encapsula la esencia vers\u00e1til de las prendas de MAZ. Su silueta fluida tiene una ca\u00edda asim\u00e9trica que va de corto a largo, desde el frente hacia atr\u00e1s, terminando en forma de tulip\u00e1n. Los dos tops tipo bandeau que complementan la prenda, tambi\u00e9n elaborados en algod\u00f3n con alforzas hechas a mano, incorporan una curva que acent\u00faa la figura. Pueden usarse de cuatro formas distintas, ampliando las posibilidades de estilismo y look vers\u00e1til.<\/span><\/p>\n","protected":false},"featured_media":9361,"comment_status":"closed","ping_status":"closed","template":"","meta":[],"product_cat":[240,216,165],"product_tag":[252,217],"class_list":{"0":"post-9339","1":"product","2":"type-product","3":"status-publish","4":"has-post-thumbnail","6":"product_cat-la-alquimista-es","7":"product_cat-vestidos-es","8":"product_cat-camisas","9":"product_tag-camisero","10":"product_tag-vestidos","12":"first","13":"onbackorder","14":"featured","15":"shipping-taxable","16":"purchasable","17":"product-type-variable"},"_links":{"self":[{"href":"https:\/\/mazmanuelaalvarez.com\/es\/wp-json\/wp\/v2\/product\/9339","targetHints":{"allow":["GET"]}}],"collection":[{"href":"https:\/\/mazmanuelaalvarez.com\/es\/wp-json\/wp\/v2\/product"}],"about":[{"href":"https:\/\/mazmanuelaalvarez.com\/es\/wp-json\/wp\/v2\/types\/product"}],"replies":[{"embeddable":true,"href":"https:\/\/mazmanuelaalvarez.com\/es\/wp-json\/wp\/v2\/comments?post=9339"}],"wp:featuredmedia":[{"embeddable":true,"href":"https:\/\/mazmanuelaalvarez.com\/es\/wp-json\/wp\/v2\/media\/9361"}],"wp:attachment":[{"href":"https:\/\/mazmanuelaalvarez.com\/es\/wp-json\/wp\/v2\/media?parent=9339"}],"wp:term":[{"taxonomy":"product_cat","embeddable":true,"href":"https:\/\/mazmanuelaalvarez.com\/es\/wp-json\/wp\/v2\/product_cat?post=9339"},{"taxonomy":"product_tag","embeddable":true,"href":"https:\/\/mazmanuelaalvarez.com\/es\/wp-json\/wp\/v2\/product_tag?post=9339"}],"curies":[{"name":"wp","href":"https:\/\/api.w.org\/{rel}","templated":true}]}}