{"id":9301,"date":"2024-12-20T12:56:55","date_gmt":"2024-12-20T17:56:55","guid":{"rendered":"https:\/\/mazmanuelaalvarez.com\/?post_type=product&#038;p=9301"},"modified":"2024-12-20T12:59:22","modified_gmt":"2024-12-20T17:59:22","slug":"vestido-tejido-mini-trenzas-curvas-copy-copy-copy","status":"publish","type":"product","link":"https:\/\/mazmanuelaalvarez.com\/es\/producto\/vestido-tejido-mini-trenzas-curvas-copy-copy-copy\/","title":{"rendered":"VESTIDO CAMISERO CAPA CRUZADA"},"content":{"rendered":"","protected":false},"excerpt":{"rendered":"<p><span style=\"font-weight: 400;\">Una reinterpretaci\u00f3n de la cl\u00e1sica y perfecta camisa blanca. Confeccionada en 100% ray\u00f3n, su dise\u00f1o se destaca por el vuelo que generan sus aperturas en la parte delantera y trasera. La ca\u00edda sim\u00e9trica en ambos lados aporta un movimiento a la prenda al caminar. Es un easy piece, para crear un look sencillo y vers\u00e1til.<\/span><\/p>\n","protected":false},"featured_media":9319,"comment_status":"closed","ping_status":"closed","template":"","meta":[],"product_cat":[240,216,165],"product_tag":[252,217],"class_list":{"0":"post-9301","1":"product","2":"type-product","3":"status-publish","4":"has-post-thumbnail","6":"product_cat-la-alquimista-es","7":"product_cat-vestidos-es","8":"product_cat-camisas","9":"product_tag-camisero","10":"product_tag-vestidos","12":"first","13":"instock","14":"featured","15":"shipping-taxable","16":"purchasable","17":"product-type-variable"},"_links":{"self":[{"href":"https:\/\/mazmanuelaalvarez.com\/es\/wp-json\/wp\/v2\/product\/9301","targetHints":{"allow":["GET"]}}],"collection":[{"href":"https:\/\/mazmanuelaalvarez.com\/es\/wp-json\/wp\/v2\/product"}],"about":[{"href":"https:\/\/mazmanuelaalvarez.com\/es\/wp-json\/wp\/v2\/types\/product"}],"replies":[{"embeddable":true,"href":"https:\/\/mazmanuelaalvarez.com\/es\/wp-json\/wp\/v2\/comments?post=9301"}],"wp:featuredmedia":[{"embeddable":true,"href":"https:\/\/mazmanuelaalvarez.com\/es\/wp-json\/wp\/v2\/media\/9319"}],"wp:attachment":[{"href":"https:\/\/mazmanuelaalvarez.com\/es\/wp-json\/wp\/v2\/media?parent=9301"}],"wp:term":[{"taxonomy":"product_cat","embeddable":true,"href":"https:\/\/mazmanuelaalvarez.com\/es\/wp-json\/wp\/v2\/product_cat?post=9301"},{"taxonomy":"product_tag","embeddable":true,"href":"https:\/\/mazmanuelaalvarez.com\/es\/wp-json\/wp\/v2\/product_tag?post=9301"}],"curies":[{"name":"wp","href":"https:\/\/api.w.org\/{rel}","templated":true}]}}