{"id":9259,"date":"2024-12-20T12:56:55","date_gmt":"2024-12-20T17:56:55","guid":{"rendered":"https:\/\/mazmanuelaalvarez.com\/?post_type=product&#038;p=9259"},"modified":"2024-12-20T13:16:34","modified_gmt":"2024-12-20T18:16:34","slug":"vestido-tejido-mini-trenzas-curvas-copy-copy","status":"publish","type":"product","link":"https:\/\/mazmanuelaalvarez.com\/es\/producto\/vestido-tejido-mini-trenzas-curvas-copy-copy\/","title":{"rendered":"MINIVESTIDO CAMISERO RAYAS"},"content":{"rendered":"","protected":false},"excerpt":{"rendered":"<p><span style=\"font-weight: 400;\">Inspirado en la fuerza estructural y la sensibilidad que define a La Alquimista, este mini vestido en algod\u00f3n pima 100% combina minimalismo y estructura en un dise\u00f1o contempor\u00e1neo. Los fuelles en \u201cV\u201d al frente y en la espalda aportan una arquitectura que realza la silueta, mientras que el cuello japon\u00e9s y los botones marcados de concha de n\u00e1car complementan un look sobrio y sofisticado\u00a0 distintivo de MAZ.<\/span><\/p>\n","protected":false},"featured_media":9281,"comment_status":"closed","ping_status":"closed","template":"","meta":[],"product_cat":[240,216,165],"product_tag":[252,217],"class_list":{"0":"post-9259","1":"product","2":"type-product","3":"status-publish","4":"has-post-thumbnail","6":"product_cat-la-alquimista-es","7":"product_cat-vestidos-es","8":"product_cat-camisas","9":"product_tag-camisero","10":"product_tag-vestidos","12":"first","13":"onbackorder","14":"featured","15":"shipping-taxable","16":"purchasable","17":"product-type-variable"},"_links":{"self":[{"href":"https:\/\/mazmanuelaalvarez.com\/es\/wp-json\/wp\/v2\/product\/9259","targetHints":{"allow":["GET"]}}],"collection":[{"href":"https:\/\/mazmanuelaalvarez.com\/es\/wp-json\/wp\/v2\/product"}],"about":[{"href":"https:\/\/mazmanuelaalvarez.com\/es\/wp-json\/wp\/v2\/types\/product"}],"replies":[{"embeddable":true,"href":"https:\/\/mazmanuelaalvarez.com\/es\/wp-json\/wp\/v2\/comments?post=9259"}],"wp:featuredmedia":[{"embeddable":true,"href":"https:\/\/mazmanuelaalvarez.com\/es\/wp-json\/wp\/v2\/media\/9281"}],"wp:attachment":[{"href":"https:\/\/mazmanuelaalvarez.com\/es\/wp-json\/wp\/v2\/media?parent=9259"}],"wp:term":[{"taxonomy":"product_cat","embeddable":true,"href":"https:\/\/mazmanuelaalvarez.com\/es\/wp-json\/wp\/v2\/product_cat?post=9259"},{"taxonomy":"product_tag","embeddable":true,"href":"https:\/\/mazmanuelaalvarez.com\/es\/wp-json\/wp\/v2\/product_tag?post=9259"}],"curies":[{"name":"wp","href":"https:\/\/api.w.org\/{rel}","templated":true}]}}