{"id":9231,"date":"2024-12-20T12:56:56","date_gmt":"2024-12-20T17:56:56","guid":{"rendered":"https:\/\/mazmanuelaalvarez.com\/?post_type=product&#038;p=9231"},"modified":"2025-03-06T10:14:14","modified_gmt":"2025-03-06T15:14:14","slug":"chaquetilla-cuero-copy-copy","status":"publish","type":"product","link":"https:\/\/mazmanuelaalvarez.com\/es\/producto\/chaquetilla-cuero-copy-copy\/","title":{"rendered":"BLAZER SURCOS CUERO"},"content":{"rendered":"","protected":false},"excerpt":{"rendered":"<p><span style=\"font-weight: 400;\">La silueta cl\u00e1sica genderless de blazer es reinterpretada bajo la esencia de MAZ. Confeccionado 100% en cuero colombiano, destaca por su arquitectura en fuelles en V presentes tanto al frente como en la parte posterior, que contrastan con sus mangas en silueta de caracol de cortes y pinzas en el centro del brazo. El cuello redondeado estilo balmacaan fusiona una sensaci\u00f3n minimalista pero contempor\u00e1nea, mientras el forro en ray\u00f3n aporta comodidad y frescura.<\/span><\/p>\n","protected":false},"featured_media":9241,"comment_status":"closed","ping_status":"closed","template":"","meta":[],"product_cat":[240,163],"product_tag":[256,253],"class_list":{"0":"post-9231","1":"product","2":"type-product","3":"status-publish","4":"has-post-thumbnail","6":"product_cat-la-alquimista-es","7":"product_cat-abrigos-y-chaquetas","8":"product_tag-blazer-es","9":"product_tag-chaquetas","11":"first","12":"onbackorder","13":"shipping-taxable","14":"purchasable","15":"product-type-variable"},"_links":{"self":[{"href":"https:\/\/mazmanuelaalvarez.com\/es\/wp-json\/wp\/v2\/product\/9231","targetHints":{"allow":["GET"]}}],"collection":[{"href":"https:\/\/mazmanuelaalvarez.com\/es\/wp-json\/wp\/v2\/product"}],"about":[{"href":"https:\/\/mazmanuelaalvarez.com\/es\/wp-json\/wp\/v2\/types\/product"}],"replies":[{"embeddable":true,"href":"https:\/\/mazmanuelaalvarez.com\/es\/wp-json\/wp\/v2\/comments?post=9231"}],"wp:featuredmedia":[{"embeddable":true,"href":"https:\/\/mazmanuelaalvarez.com\/es\/wp-json\/wp\/v2\/media\/9241"}],"wp:attachment":[{"href":"https:\/\/mazmanuelaalvarez.com\/es\/wp-json\/wp\/v2\/media?parent=9231"}],"wp:term":[{"taxonomy":"product_cat","embeddable":true,"href":"https:\/\/mazmanuelaalvarez.com\/es\/wp-json\/wp\/v2\/product_cat?post=9231"},{"taxonomy":"product_tag","embeddable":true,"href":"https:\/\/mazmanuelaalvarez.com\/es\/wp-json\/wp\/v2\/product_tag?post=9231"}],"curies":[{"name":"wp","href":"https:\/\/api.w.org\/{rel}","templated":true}]}}