{"id":8991,"date":"2024-12-20T12:56:57","date_gmt":"2024-12-20T17:56:57","guid":{"rendered":"https:\/\/mazmanuelaalvarez.com\/?post_type=product&#038;p=8991"},"modified":"2025-01-07T17:45:01","modified_gmt":"2025-01-07T22:45:01","slug":"top-cruzado-telar-petalo-copy","status":"publish","type":"product","link":"https:\/\/mazmanuelaalvarez.com\/es\/producto\/top-cruzado-telar-petalo-copy\/","title":{"rendered":"TOP SURCOS TRENZA"},"content":{"rendered":"","protected":false},"excerpt":{"rendered":"<p><span style=\"font-weight: 400;\">Un tributo a la maestr\u00eda artesanal y la versatilidad de la colecci\u00f3n. Este top en rib de algod\u00f3n con un alforzado hecho a mano cada 0.5 cm, destaca la precisi\u00f3n de los textiles de MAZ. La trenza, tambi\u00e9n tejida a mano en rib, simboliza la continuidad y preservaci\u00f3n de la sabidur\u00eda y la tradici\u00f3n en la cultura latinoamericana. La abertura en forma de gota en la espalda, cerrada con un bot\u00f3n de concha de n\u00e1car, a\u00f1ade un acabado distintivo de la marca.<\/span><\/p>\n","protected":false},"featured_media":9009,"comment_status":"closed","ping_status":"closed","template":"","meta":[],"product_cat":[240],"product_tag":[245],"class_list":{"0":"post-8991","1":"product","2":"type-product","3":"status-publish","4":"has-post-thumbnail","6":"product_cat-la-alquimista-es","7":"product_tag-tops-es","9":"first","10":"instock","11":"featured","12":"shipping-taxable","13":"purchasable","14":"product-type-variable"},"_links":{"self":[{"href":"https:\/\/mazmanuelaalvarez.com\/es\/wp-json\/wp\/v2\/product\/8991","targetHints":{"allow":["GET"]}}],"collection":[{"href":"https:\/\/mazmanuelaalvarez.com\/es\/wp-json\/wp\/v2\/product"}],"about":[{"href":"https:\/\/mazmanuelaalvarez.com\/es\/wp-json\/wp\/v2\/types\/product"}],"replies":[{"embeddable":true,"href":"https:\/\/mazmanuelaalvarez.com\/es\/wp-json\/wp\/v2\/comments?post=8991"}],"wp:featuredmedia":[{"embeddable":true,"href":"https:\/\/mazmanuelaalvarez.com\/es\/wp-json\/wp\/v2\/media\/9009"}],"wp:attachment":[{"href":"https:\/\/mazmanuelaalvarez.com\/es\/wp-json\/wp\/v2\/media?parent=8991"}],"wp:term":[{"taxonomy":"product_cat","embeddable":true,"href":"https:\/\/mazmanuelaalvarez.com\/es\/wp-json\/wp\/v2\/product_cat?post=8991"},{"taxonomy":"product_tag","embeddable":true,"href":"https:\/\/mazmanuelaalvarez.com\/es\/wp-json\/wp\/v2\/product_tag?post=8991"}],"curies":[{"name":"wp","href":"https:\/\/api.w.org\/{rel}","templated":true}]}}