{"id":8401,"date":"2023-09-23T14:56:30","date_gmt":"2023-09-23T19:56:30","guid":{"rendered":"https:\/\/mazmanuelaalvarez.com\/product\/camisa-cuello-flor-macrame\/"},"modified":"2023-09-23T14:56:30","modified_gmt":"2023-09-23T19:56:30","slug":"camisa-cuello-flor-macrame","status":"publish","type":"product","link":"https:\/\/mazmanuelaalvarez.com\/es\/producto\/camisa-cuello-flor-macrame\/","title":{"rendered":"CAMISA CUELLO FLOR MACRAME"},"content":{"rendered":"","protected":false},"excerpt":{"rendered":"<p>Camisa asim\u00e9trica larga en lino. Cuenta coneun cuello en V tejido en macrame y cord\u00f3n v\u00edbora.<\/p>\n","protected":false},"featured_media":2845,"comment_status":"closed","ping_status":"closed","template":"","meta":[],"product_cat":[132,216,165],"product_tag":[219,217],"class_list":{"0":"post-8401","1":"product","2":"type-product","3":"status-publish","4":"has-post-thumbnail","6":"product_cat-sin-categorizar","7":"product_cat-vestidos-es","8":"product_cat-camisas","9":"product_tag-camisas","10":"product_tag-vestidos","12":"first","13":"onbackorder","14":"shipping-taxable","15":"purchasable","16":"product-type-variable"},"_links":{"self":[{"href":"https:\/\/mazmanuelaalvarez.com\/es\/wp-json\/wp\/v2\/product\/8401","targetHints":{"allow":["GET"]}}],"collection":[{"href":"https:\/\/mazmanuelaalvarez.com\/es\/wp-json\/wp\/v2\/product"}],"about":[{"href":"https:\/\/mazmanuelaalvarez.com\/es\/wp-json\/wp\/v2\/types\/product"}],"replies":[{"embeddable":true,"href":"https:\/\/mazmanuelaalvarez.com\/es\/wp-json\/wp\/v2\/comments?post=8401"}],"wp:featuredmedia":[{"embeddable":true,"href":"https:\/\/mazmanuelaalvarez.com\/es\/wp-json\/wp\/v2\/media\/2845"}],"wp:attachment":[{"href":"https:\/\/mazmanuelaalvarez.com\/es\/wp-json\/wp\/v2\/media?parent=8401"}],"wp:term":[{"taxonomy":"product_cat","embeddable":true,"href":"https:\/\/mazmanuelaalvarez.com\/es\/wp-json\/wp\/v2\/product_cat?post=8401"},{"taxonomy":"product_tag","embeddable":true,"href":"https:\/\/mazmanuelaalvarez.com\/es\/wp-json\/wp\/v2\/product_tag?post=8401"}],"curies":[{"name":"wp","href":"https:\/\/api.w.org\/{rel}","templated":true}]}}