{"id":8372,"date":"2023-09-25T01:09:06","date_gmt":"2023-09-25T06:09:06","guid":{"rendered":"https:\/\/mazmanuelaalvarez.com\/product\/camisa-telar-camino\/"},"modified":"2023-09-25T01:09:06","modified_gmt":"2023-09-25T06:09:06","slug":"camisa-telar-camino","status":"publish","type":"product","link":"https:\/\/mazmanuelaalvarez.com\/es\/producto\/camisa-telar-camino\/","title":{"rendered":"CAMISA TELAR CAMINO"},"content":{"rendered":"","protected":false},"excerpt":{"rendered":"<p>Camisa oversized con patr\u00f3n de rombos de algod\u00f3n con dise\u00f1o en curva asim\u00e9trica en la finalizaci\u00f3n.<\/p>\n","protected":false},"featured_media":2609,"comment_status":"closed","ping_status":"closed","template":"","meta":[],"product_cat":[132,165],"product_tag":[219],"class_list":{"0":"post-8372","1":"product","2":"type-product","3":"status-publish","4":"has-post-thumbnail","6":"product_cat-sin-categorizar","7":"product_cat-camisas","8":"product_tag-camisas","10":"first","11":"onbackorder","12":"shipping-taxable","13":"purchasable","14":"product-type-variable"},"_links":{"self":[{"href":"https:\/\/mazmanuelaalvarez.com\/es\/wp-json\/wp\/v2\/product\/8372","targetHints":{"allow":["GET"]}}],"collection":[{"href":"https:\/\/mazmanuelaalvarez.com\/es\/wp-json\/wp\/v2\/product"}],"about":[{"href":"https:\/\/mazmanuelaalvarez.com\/es\/wp-json\/wp\/v2\/types\/product"}],"replies":[{"embeddable":true,"href":"https:\/\/mazmanuelaalvarez.com\/es\/wp-json\/wp\/v2\/comments?post=8372"}],"wp:featuredmedia":[{"embeddable":true,"href":"https:\/\/mazmanuelaalvarez.com\/es\/wp-json\/wp\/v2\/media\/2609"}],"wp:attachment":[{"href":"https:\/\/mazmanuelaalvarez.com\/es\/wp-json\/wp\/v2\/media?parent=8372"}],"wp:term":[{"taxonomy":"product_cat","embeddable":true,"href":"https:\/\/mazmanuelaalvarez.com\/es\/wp-json\/wp\/v2\/product_cat?post=8372"},{"taxonomy":"product_tag","embeddable":true,"href":"https:\/\/mazmanuelaalvarez.com\/es\/wp-json\/wp\/v2\/product_tag?post=8372"}],"curies":[{"name":"wp","href":"https:\/\/api.w.org\/{rel}","templated":true}]}}