{"id":8212,"date":"2023-09-25T01:37:03","date_gmt":"2023-09-25T06:37:03","guid":{"rendered":"https:\/\/mazmanuelaalvarez.com\/product\/falda-telar-camino-petalo\/"},"modified":"2024-09-02T11:49:16","modified_gmt":"2024-09-02T16:49:16","slug":"falda-telar-camino-petalo","status":"publish","type":"product","link":"https:\/\/mazmanuelaalvarez.com\/es\/producto\/falda-telar-camino-petalo\/","title":{"rendered":"FALDA TELAR CAMINO PETALO"},"content":{"rendered":"","protected":false},"excerpt":{"rendered":"<p>Mini falda asim\u00e9trica curva en aldog\u00f3n con dise\u00f1o de rombos y bandas de telar bordado en un costado delantero de la falda.<\/p>\n","protected":false},"featured_media":2994,"comment_status":"closed","ping_status":"closed","template":"","meta":[],"product_cat":[132,158,168],"product_tag":[279],"class_list":{"0":"post-8212","1":"product","2":"type-product","3":"status-publish","4":"has-post-thumbnail","6":"product_cat-sin-categorizar","7":"product_cat-inferiores","8":"product_cat-faldas","9":"product_tag-faldas","11":"first","12":"instock","13":"shipping-taxable","14":"purchasable","15":"product-type-variable"},"_links":{"self":[{"href":"https:\/\/mazmanuelaalvarez.com\/es\/wp-json\/wp\/v2\/product\/8212","targetHints":{"allow":["GET"]}}],"collection":[{"href":"https:\/\/mazmanuelaalvarez.com\/es\/wp-json\/wp\/v2\/product"}],"about":[{"href":"https:\/\/mazmanuelaalvarez.com\/es\/wp-json\/wp\/v2\/types\/product"}],"replies":[{"embeddable":true,"href":"https:\/\/mazmanuelaalvarez.com\/es\/wp-json\/wp\/v2\/comments?post=8212"}],"wp:featuredmedia":[{"embeddable":true,"href":"https:\/\/mazmanuelaalvarez.com\/es\/wp-json\/wp\/v2\/media\/2994"}],"wp:attachment":[{"href":"https:\/\/mazmanuelaalvarez.com\/es\/wp-json\/wp\/v2\/media?parent=8212"}],"wp:term":[{"taxonomy":"product_cat","embeddable":true,"href":"https:\/\/mazmanuelaalvarez.com\/es\/wp-json\/wp\/v2\/product_cat?post=8212"},{"taxonomy":"product_tag","embeddable":true,"href":"https:\/\/mazmanuelaalvarez.com\/es\/wp-json\/wp\/v2\/product_tag?post=8212"}],"curies":[{"name":"wp","href":"https:\/\/api.w.org\/{rel}","templated":true}]}}