{"id":8154,"date":"2023-09-23T14:56:32","date_gmt":"2023-09-23T19:56:32","guid":{"rendered":"https:\/\/mazmanuelaalvarez.com\/product\/pantalon-pata-elefante-largo-cuero-2\/"},"modified":"2023-09-23T14:56:32","modified_gmt":"2023-09-23T14:56:32","slug":"pantalon-pata-elefante-largo-cuero-2","status":"publish","type":"product","link":"https:\/\/mazmanuelaalvarez.com\/es\/producto\/pantalon-pata-elefante-largo-cuero-2\/","title":{"rendered":"PANTAL\u00d3N PATA ELEFANTE LARGO CUERO"},"content":{"rendered":"","protected":false},"excerpt":{"rendered":"<p>Pantal\u00f3n bota para elefante largo en cuero tiene una costura curva tanto adelante como atr\u00e1s.<\/p>\n","protected":false},"featured_media":2690,"comment_status":"closed","ping_status":"closed","template":"","meta":[],"product_cat":[132,158],"product_tag":[],"class_list":{"0":"post-8154","1":"product","2":"type-product","3":"status-publish","4":"has-post-thumbnail","6":"product_cat-sin-categorizar","7":"product_cat-inferiores","9":"first","10":"onbackorder","11":"featured","12":"shipping-taxable","13":"purchasable","14":"product-type-variable"},"_links":{"self":[{"href":"https:\/\/mazmanuelaalvarez.com\/es\/wp-json\/wp\/v2\/product\/8154","targetHints":{"allow":["GET"]}}],"collection":[{"href":"https:\/\/mazmanuelaalvarez.com\/es\/wp-json\/wp\/v2\/product"}],"about":[{"href":"https:\/\/mazmanuelaalvarez.com\/es\/wp-json\/wp\/v2\/types\/product"}],"replies":[{"embeddable":true,"href":"https:\/\/mazmanuelaalvarez.com\/es\/wp-json\/wp\/v2\/comments?post=8154"}],"wp:featuredmedia":[{"embeddable":true,"href":"https:\/\/mazmanuelaalvarez.com\/es\/wp-json\/wp\/v2\/media\/2690"}],"wp:attachment":[{"href":"https:\/\/mazmanuelaalvarez.com\/es\/wp-json\/wp\/v2\/media?parent=8154"}],"wp:term":[{"taxonomy":"product_cat","embeddable":true,"href":"https:\/\/mazmanuelaalvarez.com\/es\/wp-json\/wp\/v2\/product_cat?post=8154"},{"taxonomy":"product_tag","embeddable":true,"href":"https:\/\/mazmanuelaalvarez.com\/es\/wp-json\/wp\/v2\/product_tag?post=8154"}],"curies":[{"name":"wp","href":"https:\/\/api.w.org\/{rel}","templated":true}]}}