{"id":7896,"date":"2023-09-23T14:56:31","date_gmt":"2023-09-23T19:56:31","guid":{"rendered":"https:\/\/mazmanuelaalvarez.com\/?post_type=product&#038;p=7896"},"modified":"2024-09-02T11:53:15","modified_gmt":"2024-09-02T16:53:15","slug":"camisa-pechera-nuno-algodon","status":"publish","type":"product","link":"https:\/\/mazmanuelaalvarez.com\/es\/producto\/camisa-pechera-nuno-algodon\/","title":{"rendered":"CAMISA PECHERA NUNO\/ ALGOD\u00d3N"},"content":{"rendered":"","protected":false},"excerpt":{"rendered":"<p>Camisa de nuno con un panel curvo de algod\u00f3n en el pecho y pu\u00f1os.<\/p>\n","protected":false},"featured_media":2651,"comment_status":"closed","ping_status":"closed","template":"","meta":[],"product_cat":[132,165],"product_tag":[219],"class_list":{"0":"post-7896","1":"product","2":"type-product","3":"status-publish","4":"has-post-thumbnail","6":"product_cat-sin-categorizar","7":"product_cat-camisas","8":"product_tag-camisas","10":"first","11":"onbackorder","12":"shipping-taxable","13":"purchasable","14":"product-type-variable"},"_links":{"self":[{"href":"https:\/\/mazmanuelaalvarez.com\/es\/wp-json\/wp\/v2\/product\/7896","targetHints":{"allow":["GET"]}}],"collection":[{"href":"https:\/\/mazmanuelaalvarez.com\/es\/wp-json\/wp\/v2\/product"}],"about":[{"href":"https:\/\/mazmanuelaalvarez.com\/es\/wp-json\/wp\/v2\/types\/product"}],"replies":[{"embeddable":true,"href":"https:\/\/mazmanuelaalvarez.com\/es\/wp-json\/wp\/v2\/comments?post=7896"}],"wp:featuredmedia":[{"embeddable":true,"href":"https:\/\/mazmanuelaalvarez.com\/es\/wp-json\/wp\/v2\/media\/2651"}],"wp:attachment":[{"href":"https:\/\/mazmanuelaalvarez.com\/es\/wp-json\/wp\/v2\/media?parent=7896"}],"wp:term":[{"taxonomy":"product_cat","embeddable":true,"href":"https:\/\/mazmanuelaalvarez.com\/es\/wp-json\/wp\/v2\/product_cat?post=7896"},{"taxonomy":"product_tag","embeddable":true,"href":"https:\/\/mazmanuelaalvarez.com\/es\/wp-json\/wp\/v2\/product_tag?post=7896"}],"curies":[{"name":"wp","href":"https:\/\/api.w.org\/{rel}","templated":true}]}}