{"id":7882,"date":"2023-09-23T14:56:32","date_gmt":"2023-09-23T19:56:32","guid":{"rendered":"https:\/\/mazmanuelaalvarez.com\/?post_type=product&#038;p=7882"},"modified":"2024-09-02T11:53:15","modified_gmt":"2024-09-02T16:53:15","slug":"pantalon-semiflare-cuero","status":"publish","type":"product","link":"https:\/\/mazmanuelaalvarez.com\/es\/producto\/pantalon-semiflare-cuero\/","title":{"rendered":"PANTAL\u00d3N SEMIFLARE CUERO"},"content":{"rendered":"","protected":false},"excerpt":{"rendered":"<p>Pantal\u00f3n cl\u00e1sico en cuero de tiro alto bota campana.<\/p>\n","protected":false},"featured_media":2764,"comment_status":"closed","ping_status":"closed","template":"","meta":[],"product_cat":[132,158],"product_tag":[222,223],"class_list":{"0":"post-7882","1":"product","2":"type-product","3":"status-publish","4":"has-post-thumbnail","6":"product_cat-sin-categorizar","7":"product_cat-inferiores","8":"product_tag-pantalones","9":"product_tag-pantalones-es","11":"first","12":"onbackorder","13":"shipping-taxable","14":"purchasable","15":"product-type-variable"},"_links":{"self":[{"href":"https:\/\/mazmanuelaalvarez.com\/es\/wp-json\/wp\/v2\/product\/7882","targetHints":{"allow":["GET"]}}],"collection":[{"href":"https:\/\/mazmanuelaalvarez.com\/es\/wp-json\/wp\/v2\/product"}],"about":[{"href":"https:\/\/mazmanuelaalvarez.com\/es\/wp-json\/wp\/v2\/types\/product"}],"replies":[{"embeddable":true,"href":"https:\/\/mazmanuelaalvarez.com\/es\/wp-json\/wp\/v2\/comments?post=7882"}],"wp:featuredmedia":[{"embeddable":true,"href":"https:\/\/mazmanuelaalvarez.com\/es\/wp-json\/wp\/v2\/media\/2764"}],"wp:attachment":[{"href":"https:\/\/mazmanuelaalvarez.com\/es\/wp-json\/wp\/v2\/media?parent=7882"}],"wp:term":[{"taxonomy":"product_cat","embeddable":true,"href":"https:\/\/mazmanuelaalvarez.com\/es\/wp-json\/wp\/v2\/product_cat?post=7882"},{"taxonomy":"product_tag","embeddable":true,"href":"https:\/\/mazmanuelaalvarez.com\/es\/wp-json\/wp\/v2\/product_tag?post=7882"}],"curies":[{"name":"wp","href":"https:\/\/api.w.org\/{rel}","templated":true}]}}