{"id":7467,"date":"2023-09-15T05:19:43","date_gmt":"2023-09-15T10:19:43","guid":{"rendered":"https:\/\/mazmanuelaalvarez.com\/product\/chaqueta-de-cuero-chumbe\/"},"modified":"2023-09-15T05:19:43","modified_gmt":"2023-09-15T05:19:43","slug":"chaqueta-de-cuero-chumbe","status":"publish","type":"product","link":"https:\/\/mazmanuelaalvarez.com\/es\/producto\/chaqueta-de-cuero-chumbe\/","title":{"rendered":"CHAQUETA DE CUERO CHUMBE"},"content":{"rendered":"","protected":false},"excerpt":{"rendered":"<p>Chaqueta ochentera en cuero estilo piloto, chumbes elaborados a mano en telar vertical \u2018Guanga\u2019 por el grupo artesano Curarte de la comunidad ind\u00edgena Cam\u00ebnts\u00e1 Biya, del Valle del Sibundoy, Putumayo.<\/p>\n<p>Hecha en: Bogot\u00e1, Colombia<\/p>\n<p>Por las manos artesanas de: Deisy Santafe<\/p>\n","protected":false},"featured_media":3246,"comment_status":"closed","ping_status":"closed","template":"","meta":[],"product_cat":[175,163],"product_tag":[253],"class_list":{"0":"post-7467","1":"product","2":"type-product","3":"status-publish","4":"has-post-thumbnail","6":"product_cat-la-sabbia-es","7":"product_cat-abrigos-y-chaquetas","8":"product_tag-chaquetas","10":"first","11":"onbackorder","12":"shipping-taxable","13":"purchasable","14":"product-type-variable"},"_links":{"self":[{"href":"https:\/\/mazmanuelaalvarez.com\/es\/wp-json\/wp\/v2\/product\/7467","targetHints":{"allow":["GET"]}}],"collection":[{"href":"https:\/\/mazmanuelaalvarez.com\/es\/wp-json\/wp\/v2\/product"}],"about":[{"href":"https:\/\/mazmanuelaalvarez.com\/es\/wp-json\/wp\/v2\/types\/product"}],"replies":[{"embeddable":true,"href":"https:\/\/mazmanuelaalvarez.com\/es\/wp-json\/wp\/v2\/comments?post=7467"}],"wp:featuredmedia":[{"embeddable":true,"href":"https:\/\/mazmanuelaalvarez.com\/es\/wp-json\/wp\/v2\/media\/3246"}],"wp:attachment":[{"href":"https:\/\/mazmanuelaalvarez.com\/es\/wp-json\/wp\/v2\/media?parent=7467"}],"wp:term":[{"taxonomy":"product_cat","embeddable":true,"href":"https:\/\/mazmanuelaalvarez.com\/es\/wp-json\/wp\/v2\/product_cat?post=7467"},{"taxonomy":"product_tag","embeddable":true,"href":"https:\/\/mazmanuelaalvarez.com\/es\/wp-json\/wp\/v2\/product_tag?post=7467"}],"curies":[{"name":"wp","href":"https:\/\/api.w.org\/{rel}","templated":true}]}}