{"id":7355,"date":"2024-05-10T03:41:32","date_gmt":"2024-05-10T08:41:32","guid":{"rendered":"https:\/\/mazmanuelaalvarez.com\/?post_type=product&#038;p=7355"},"modified":"2024-06-20T01:21:15","modified_gmt":"2024-06-20T06:21:15","slug":"brassier-under-boob-metallic-bra","status":"publish","type":"product","link":"https:\/\/mazmanuelaalvarez.com\/es\/producto\/brassier-under-boob-metallic-bra\/","title":{"rendered":"BRASSIER UNDER BOOB MET\u00c1LICO"},"content":{"rendered":"","protected":false},"excerpt":{"rendered":"<p>Complemento met\u00e1lico tipo brassiere imperio, realizado en hilos met\u00e1licos en forma de la silueta debajo del pecho.<\/p>\n<p>Material: Plata<\/p>\n","protected":false},"featured_media":7285,"comment_status":"closed","ping_status":"closed","template":"","meta":[],"product_cat":[213],"product_tag":[],"class_list":{"0":"post-7355","1":"product","2":"type-product","3":"status-publish","4":"has-post-thumbnail","6":"product_cat-joyeria","8":"first","9":"instock","10":"featured","11":"shipping-taxable","12":"purchasable","13":"product-type-simple"},"_links":{"self":[{"href":"https:\/\/mazmanuelaalvarez.com\/es\/wp-json\/wp\/v2\/product\/7355","targetHints":{"allow":["GET"]}}],"collection":[{"href":"https:\/\/mazmanuelaalvarez.com\/es\/wp-json\/wp\/v2\/product"}],"about":[{"href":"https:\/\/mazmanuelaalvarez.com\/es\/wp-json\/wp\/v2\/types\/product"}],"replies":[{"embeddable":true,"href":"https:\/\/mazmanuelaalvarez.com\/es\/wp-json\/wp\/v2\/comments?post=7355"}],"wp:featuredmedia":[{"embeddable":true,"href":"https:\/\/mazmanuelaalvarez.com\/es\/wp-json\/wp\/v2\/media\/7285"}],"wp:attachment":[{"href":"https:\/\/mazmanuelaalvarez.com\/es\/wp-json\/wp\/v2\/media?parent=7355"}],"wp:term":[{"taxonomy":"product_cat","embeddable":true,"href":"https:\/\/mazmanuelaalvarez.com\/es\/wp-json\/wp\/v2\/product_cat?post=7355"},{"taxonomy":"product_tag","embeddable":true,"href":"https:\/\/mazmanuelaalvarez.com\/es\/wp-json\/wp\/v2\/product_tag?post=7355"}],"curies":[{"name":"wp","href":"https:\/\/api.w.org\/{rel}","templated":true}]}}