{"id":6168,"date":"2023-09-23T14:56:29","date_gmt":"2023-09-23T19:56:29","guid":{"rendered":"https:\/\/mazmanuelaalvarez.com\/?post_type=product&#038;p=6168"},"modified":"2024-09-02T11:27:34","modified_gmt":"2024-09-02T16:27:34","slug":"vestido-crochet-fdv-rombo","status":"publish","type":"product","link":"https:\/\/mazmanuelaalvarez.com\/es\/producto\/vestido-crochet-fdv-rombo\/","title":{"rendered":"VESTIDO CROCHET FDV ROMBO"},"content":{"rendered":"","protected":false},"excerpt":{"rendered":"<p>Vestido Maxi con cuello en V y terminaci\u00f3n en punta. Patr\u00f3n con forma de flor de venus en rombos en algod\u00f3n y corte en las mangas.<\/p>\n","protected":false},"featured_media":2740,"comment_status":"closed","ping_status":"closed","template":"","meta":[],"product_cat":[132,216],"product_tag":[217],"class_list":{"0":"post-6168","1":"product","2":"type-product","3":"status-publish","4":"has-post-thumbnail","6":"product_cat-sin-categorizar","7":"product_cat-vestidos-es","8":"product_tag-vestidos","10":"first","11":"onbackorder","12":"featured","13":"shipping-taxable","14":"purchasable","15":"product-type-variable"},"_links":{"self":[{"href":"https:\/\/mazmanuelaalvarez.com\/es\/wp-json\/wp\/v2\/product\/6168","targetHints":{"allow":["GET"]}}],"collection":[{"href":"https:\/\/mazmanuelaalvarez.com\/es\/wp-json\/wp\/v2\/product"}],"about":[{"href":"https:\/\/mazmanuelaalvarez.com\/es\/wp-json\/wp\/v2\/types\/product"}],"replies":[{"embeddable":true,"href":"https:\/\/mazmanuelaalvarez.com\/es\/wp-json\/wp\/v2\/comments?post=6168"}],"wp:featuredmedia":[{"embeddable":true,"href":"https:\/\/mazmanuelaalvarez.com\/es\/wp-json\/wp\/v2\/media\/2740"}],"wp:attachment":[{"href":"https:\/\/mazmanuelaalvarez.com\/es\/wp-json\/wp\/v2\/media?parent=6168"}],"wp:term":[{"taxonomy":"product_cat","embeddable":true,"href":"https:\/\/mazmanuelaalvarez.com\/es\/wp-json\/wp\/v2\/product_cat?post=6168"},{"taxonomy":"product_tag","embeddable":true,"href":"https:\/\/mazmanuelaalvarez.com\/es\/wp-json\/wp\/v2\/product_tag?post=6168"}],"curies":[{"name":"wp","href":"https:\/\/api.w.org\/{rel}","templated":true}]}}