{"id":6154,"date":"2023-09-20T06:16:04","date_gmt":"2023-09-20T11:16:04","guid":{"rendered":"https:\/\/mazmanuelaalvarez.com\/?post_type=product&#038;p=6154"},"modified":"2024-09-02T12:42:03","modified_gmt":"2024-09-02T17:42:03","slug":"gaban-degrade","status":"publish","type":"product","link":"https:\/\/mazmanuelaalvarez.com\/es\/producto\/gaban-degrade\/","title":{"rendered":"GABAN DEGRADE"},"content":{"rendered":"","protected":false},"excerpt":{"rendered":"<p>Gab\u00e1n oversized de algod\u00f3n degrad\u00e9 con una textura en estr\u00edas verticales y con bolsillos de cuero.<\/p>\n","protected":false},"featured_media":2905,"comment_status":"closed","ping_status":"closed","template":"","meta":[],"product_cat":[132,163],"product_tag":[238],"class_list":{"0":"post-6154","1":"product","2":"type-product","3":"status-publish","4":"has-post-thumbnail","6":"product_cat-sin-categorizar","7":"product_cat-abrigos-y-chaquetas","8":"product_tag-coats-es","10":"first","11":"onbackorder","12":"featured","13":"shipping-taxable","14":"purchasable","15":"product-type-variable"},"_links":{"self":[{"href":"https:\/\/mazmanuelaalvarez.com\/es\/wp-json\/wp\/v2\/product\/6154","targetHints":{"allow":["GET"]}}],"collection":[{"href":"https:\/\/mazmanuelaalvarez.com\/es\/wp-json\/wp\/v2\/product"}],"about":[{"href":"https:\/\/mazmanuelaalvarez.com\/es\/wp-json\/wp\/v2\/types\/product"}],"replies":[{"embeddable":true,"href":"https:\/\/mazmanuelaalvarez.com\/es\/wp-json\/wp\/v2\/comments?post=6154"}],"wp:featuredmedia":[{"embeddable":true,"href":"https:\/\/mazmanuelaalvarez.com\/es\/wp-json\/wp\/v2\/media\/2905"}],"wp:attachment":[{"href":"https:\/\/mazmanuelaalvarez.com\/es\/wp-json\/wp\/v2\/media?parent=6154"}],"wp:term":[{"taxonomy":"product_cat","embeddable":true,"href":"https:\/\/mazmanuelaalvarez.com\/es\/wp-json\/wp\/v2\/product_cat?post=6154"},{"taxonomy":"product_tag","embeddable":true,"href":"https:\/\/mazmanuelaalvarez.com\/es\/wp-json\/wp\/v2\/product_tag?post=6154"}],"curies":[{"name":"wp","href":"https:\/\/api.w.org\/{rel}","templated":true}]}}