{"id":6059,"date":"2023-09-18T05:20:36","date_gmt":"2023-09-18T10:20:36","guid":{"rendered":"https:\/\/mazmanuelaalvarez.com\/product\/jersey-en-tejido-de-punto-acanalado-en-dos-tonos\/"},"modified":"2024-05-15T02:56:54","modified_gmt":"2024-05-15T02:56:54","slug":"jersey-en-tejido-de-punto-acanalado-en-dos-tonos","status":"publish","type":"product","link":"https:\/\/mazmanuelaalvarez.com\/es\/producto\/jersey-en-tejido-de-punto-acanalado-en-dos-tonos\/","title":{"rendered":"JERSEY EN TEJIDO DE PUNTO ACANALADO EN DOS TONOS"},"content":{"rendered":"<p>Su\u00e9ter acanalado tejido a mano. Hombros ca\u00eddos y cuello-V profundo para llevar delante o atr\u00e1s.<\/p>\n<p>Prenda realizada en: Bogot\u00e1, Colombia<\/p>\n<p>Por las manos artesanas de: Sagrario Mora<\/p>\n","protected":false},"excerpt":{"rendered":"<p>Su\u00e9ter acanalado tejido a mano. Hombros ca\u00eddos y cuello-V profundo para llevar delante o atr\u00e1s.<\/p>\n<p>Prenda realizada en: Bogot\u00e1, Colombia<\/p>\n<p>Por las manos artesanas de: Sagrario Mora<\/p>\n","protected":false},"featured_media":3405,"comment_status":"closed","ping_status":"closed","template":"","meta":[],"product_cat":[176,164],"product_tag":[254],"class_list":{"0":"post-6059","1":"product","2":"type-product","3":"status-publish","4":"has-post-thumbnail","6":"product_cat-mitologia-lunar","7":"product_cat-tejido-de-punto","8":"product_tag-sacos","10":"first","11":"onbackorder","12":"shipping-taxable","13":"purchasable","14":"product-type-variable"},"_links":{"self":[{"href":"https:\/\/mazmanuelaalvarez.com\/es\/wp-json\/wp\/v2\/product\/6059","targetHints":{"allow":["GET"]}}],"collection":[{"href":"https:\/\/mazmanuelaalvarez.com\/es\/wp-json\/wp\/v2\/product"}],"about":[{"href":"https:\/\/mazmanuelaalvarez.com\/es\/wp-json\/wp\/v2\/types\/product"}],"replies":[{"embeddable":true,"href":"https:\/\/mazmanuelaalvarez.com\/es\/wp-json\/wp\/v2\/comments?post=6059"}],"wp:featuredmedia":[{"embeddable":true,"href":"https:\/\/mazmanuelaalvarez.com\/es\/wp-json\/wp\/v2\/media\/3405"}],"wp:attachment":[{"href":"https:\/\/mazmanuelaalvarez.com\/es\/wp-json\/wp\/v2\/media?parent=6059"}],"wp:term":[{"taxonomy":"product_cat","embeddable":true,"href":"https:\/\/mazmanuelaalvarez.com\/es\/wp-json\/wp\/v2\/product_cat?post=6059"},{"taxonomy":"product_tag","embeddable":true,"href":"https:\/\/mazmanuelaalvarez.com\/es\/wp-json\/wp\/v2\/product_tag?post=6059"}],"curies":[{"name":"wp","href":"https:\/\/api.w.org\/{rel}","templated":true}]}}