{"id":5980,"date":"2023-09-20T05:18:42","date_gmt":"2023-09-20T10:18:42","guid":{"rendered":"https:\/\/mazmanuelaalvarez.com\/product\/pantalon-baggy-en-cuero\/"},"modified":"2026-03-09T12:17:28","modified_gmt":"2026-03-09T17:17:28","slug":"pantalon-baggy-en-cuero","status":"publish","type":"product","link":"https:\/\/mazmanuelaalvarez.com\/es\/producto\/pantalon-baggy-en-cuero\/","title":{"rendered":"PANTAL\u00d3N BAGGY EN CUERO"},"content":{"rendered":"<p>Pantal\u00f3n baggy de cintura alta en cuero, inspirados en los a\u00f1os 80.<\/p>\n<p>Prenda realizada en: Bogot\u00e1, Colombia.<\/p>\n<p>Por las manos artesanas de: Deisy Santaf\u00e9.<\/p>\n","protected":false},"excerpt":{"rendered":"<p>Pantal\u00f3n baggy de cintura alta en cuero, inspirados en los a\u00f1os 80.<\/p>\n<p>Prenda realizada en: Bogot\u00e1, Colombia.<\/p>\n<p>Por las manos artesanas de: Deisy Santaf\u00e9.<\/p>\n","protected":false},"featured_media":3056,"comment_status":"closed","ping_status":"closed","template":"","meta":[],"product_cat":[177,158],"product_tag":[222],"class_list":{"0":"post-5980","1":"product","2":"type-product","3":"status-publish","4":"has-post-thumbnail","6":"product_cat-flor-de-venus","7":"product_cat-inferiores","8":"product_tag-pantalones","10":"first","11":"onbackorder","12":"featured","13":"shipping-taxable","14":"purchasable","15":"product-type-variable"},"_links":{"self":[{"href":"https:\/\/mazmanuelaalvarez.com\/es\/wp-json\/wp\/v2\/product\/5980","targetHints":{"allow":["GET"]}}],"collection":[{"href":"https:\/\/mazmanuelaalvarez.com\/es\/wp-json\/wp\/v2\/product"}],"about":[{"href":"https:\/\/mazmanuelaalvarez.com\/es\/wp-json\/wp\/v2\/types\/product"}],"replies":[{"embeddable":true,"href":"https:\/\/mazmanuelaalvarez.com\/es\/wp-json\/wp\/v2\/comments?post=5980"}],"wp:featuredmedia":[{"embeddable":true,"href":"https:\/\/mazmanuelaalvarez.com\/es\/wp-json\/wp\/v2\/media\/3056"}],"wp:attachment":[{"href":"https:\/\/mazmanuelaalvarez.com\/es\/wp-json\/wp\/v2\/media?parent=5980"}],"wp:term":[{"taxonomy":"product_cat","embeddable":true,"href":"https:\/\/mazmanuelaalvarez.com\/es\/wp-json\/wp\/v2\/product_cat?post=5980"},{"taxonomy":"product_tag","embeddable":true,"href":"https:\/\/mazmanuelaalvarez.com\/es\/wp-json\/wp\/v2\/product_tag?post=5980"}],"curies":[{"name":"wp","href":"https:\/\/api.w.org\/{rel}","templated":true}]}}