{"id":5878,"date":"2023-10-08T05:21:56","date_gmt":"2023-10-08T10:21:56","guid":{"rendered":"https:\/\/mazmanuelaalvarez.com\/product\/fajon-telar-egipcio-flor-de-venus\/"},"modified":"2024-05-15T04:55:10","modified_gmt":"2024-05-15T04:55:10","slug":"fajon-telar-egipcio-flor-de-venus","status":"publish","type":"product","link":"https:\/\/mazmanuelaalvarez.com\/es\/producto\/fajon-telar-egipcio-flor-de-venus\/","title":{"rendered":"FAJ\u00d3N TELAR EGIPCIO FLOR DE VENUS"},"content":{"rendered":"<p>Faj\u00f3n trabajado a mano en telar egipcio con flecos en patr\u00f3n Flor de Venus.<\/p>\n<p>Prenda realizada en: Bogot\u00e1, Colombia.<\/p>\n<p>Por las manos artesanas de: Mateo Perea y Deisy Santaf\u00e9.<\/p>\n","protected":false},"excerpt":{"rendered":"<p>Faj\u00f3n trabajado a mano en telar egipcio con flecos en patr\u00f3n Flor de Venus.<\/p>\n<p>Prenda realizada en: Bogot\u00e1, Colombia.<\/p>\n<p>Por las manos artesanas de: Mateo Perea y Deisy Santaf\u00e9.<\/p>\n","protected":false},"featured_media":3161,"comment_status":"closed","ping_status":"closed","template":"","meta":[],"product_cat":[173,177],"product_tag":[218,249],"class_list":{"0":"post-5878","1":"product","2":"type-product","3":"status-publish","4":"has-post-thumbnail","6":"product_cat-accesorios","7":"product_cat-flor-de-venus","8":"product_tag-accesorios","9":"product_tag-fajones","11":"first","12":"instock","13":"featured","14":"shipping-taxable","15":"purchasable","16":"product-type-variable"},"_links":{"self":[{"href":"https:\/\/mazmanuelaalvarez.com\/es\/wp-json\/wp\/v2\/product\/5878","targetHints":{"allow":["GET"]}}],"collection":[{"href":"https:\/\/mazmanuelaalvarez.com\/es\/wp-json\/wp\/v2\/product"}],"about":[{"href":"https:\/\/mazmanuelaalvarez.com\/es\/wp-json\/wp\/v2\/types\/product"}],"replies":[{"embeddable":true,"href":"https:\/\/mazmanuelaalvarez.com\/es\/wp-json\/wp\/v2\/comments?post=5878"}],"wp:featuredmedia":[{"embeddable":true,"href":"https:\/\/mazmanuelaalvarez.com\/es\/wp-json\/wp\/v2\/media\/3161"}],"wp:attachment":[{"href":"https:\/\/mazmanuelaalvarez.com\/es\/wp-json\/wp\/v2\/media?parent=5878"}],"wp:term":[{"taxonomy":"product_cat","embeddable":true,"href":"https:\/\/mazmanuelaalvarez.com\/es\/wp-json\/wp\/v2\/product_cat?post=5878"},{"taxonomy":"product_tag","embeddable":true,"href":"https:\/\/mazmanuelaalvarez.com\/es\/wp-json\/wp\/v2\/product_tag?post=5878"}],"curies":[{"name":"wp","href":"https:\/\/api.w.org\/{rel}","templated":true}]}}