{"id":5860,"date":"2023-09-20T05:19:15","date_gmt":"2023-09-20T10:19:15","guid":{"rendered":"https:\/\/mazmanuelaalvarez.com\/product\/tunica-capa-egipcia-2\/"},"modified":"2024-05-15T04:54:50","modified_gmt":"2024-05-15T04:54:50","slug":"tunica-capa-egipcia-2","status":"publish","type":"product","link":"https:\/\/mazmanuelaalvarez.com\/es\/producto\/tunica-capa-egipcia-2\/","title":{"rendered":"T\u00daNICA CAPA EGIPCIA"},"content":{"rendered":"<p>T\u00fanica con capa posterior, cuello y bolsillos en telar egipcio patr\u00f3n Flor de Venus.<\/p>\n<p>Prenda realizada en: Bogot\u00e1, Colombia.<\/p>\n<p>Por las manos artesanas de: Elizabeth Gonz\u00e1lez y Mateo Perea.<\/p>\n","protected":false},"excerpt":{"rendered":"<p>T\u00fanica con capa posterior, cuello y bolsillos en telar egipcio patr\u00f3n Flor de Venus.<\/p>\n<p>Prenda realizada en: Bogot\u00e1, Colombia.<\/p>\n<p>Por las manos artesanas de: Elizabeth Gonz\u00e1lez y Mateo Perea.<\/p>\n","protected":false},"featured_media":3167,"comment_status":"closed","ping_status":"closed","template":"","meta":[],"product_cat":[177,216],"product_tag":[219,217],"class_list":{"0":"post-5860","1":"product","2":"type-product","3":"status-publish","4":"has-post-thumbnail","6":"product_cat-flor-de-venus","7":"product_cat-vestidos-es","8":"product_tag-camisas","9":"product_tag-vestidos","11":"first","12":"onbackorder","13":"shipping-taxable","14":"purchasable","15":"product-type-variable"},"_links":{"self":[{"href":"https:\/\/mazmanuelaalvarez.com\/es\/wp-json\/wp\/v2\/product\/5860","targetHints":{"allow":["GET"]}}],"collection":[{"href":"https:\/\/mazmanuelaalvarez.com\/es\/wp-json\/wp\/v2\/product"}],"about":[{"href":"https:\/\/mazmanuelaalvarez.com\/es\/wp-json\/wp\/v2\/types\/product"}],"replies":[{"embeddable":true,"href":"https:\/\/mazmanuelaalvarez.com\/es\/wp-json\/wp\/v2\/comments?post=5860"}],"wp:featuredmedia":[{"embeddable":true,"href":"https:\/\/mazmanuelaalvarez.com\/es\/wp-json\/wp\/v2\/media\/3167"}],"wp:attachment":[{"href":"https:\/\/mazmanuelaalvarez.com\/es\/wp-json\/wp\/v2\/media?parent=5860"}],"wp:term":[{"taxonomy":"product_cat","embeddable":true,"href":"https:\/\/mazmanuelaalvarez.com\/es\/wp-json\/wp\/v2\/product_cat?post=5860"},{"taxonomy":"product_tag","embeddable":true,"href":"https:\/\/mazmanuelaalvarez.com\/es\/wp-json\/wp\/v2\/product_tag?post=5860"}],"curies":[{"name":"wp","href":"https:\/\/api.w.org\/{rel}","templated":true}]}}