{"id":5700,"date":"2023-09-18T05:20:07","date_gmt":"2023-09-18T10:20:07","guid":{"rendered":"https:\/\/mazmanuelaalvarez.com\/product\/sueter-luna-nueva\/"},"modified":"2024-05-15T02:47:04","modified_gmt":"2024-05-15T02:47:04","slug":"sueter-luna-nueva","status":"publish","type":"product","link":"https:\/\/mazmanuelaalvarez.com\/es\/producto\/sueter-luna-nueva\/","title":{"rendered":"SU\u00c9TER-LUNA NUEVA"},"content":{"rendered":"<p>Su\u00e9ter tejido a mano con flecos y s\u00edmbolo de luna nueva.<\/p>\n<p>Prenda realizada en: Bogot\u00e1, Colombia<\/p>\n<p>Por las manos artesanas de: Sagrario Mora<\/p>\n","protected":false},"excerpt":{"rendered":"<p>Su\u00e9ter tejido a mano con flecos y s\u00edmbolo de luna nueva.<\/p>\n<p>Prenda realizada en: Bogot\u00e1, Colombia<\/p>\n<p>Por las manos artesanas de: Sagrario Mora<\/p>\n","protected":false},"featured_media":3300,"comment_status":"closed","ping_status":"closed","template":"","meta":[],"product_cat":[176,164,155],"product_tag":[254],"class_list":{"0":"post-5700","1":"product","2":"type-product","3":"status-publish","4":"has-post-thumbnail","6":"product_cat-mitologia-lunar","7":"product_cat-tejido-de-punto","8":"product_cat-sacos","9":"product_tag-sacos","11":"first","12":"onbackorder","13":"shipping-taxable","14":"purchasable","15":"product-type-variable"},"_links":{"self":[{"href":"https:\/\/mazmanuelaalvarez.com\/es\/wp-json\/wp\/v2\/product\/5700","targetHints":{"allow":["GET"]}}],"collection":[{"href":"https:\/\/mazmanuelaalvarez.com\/es\/wp-json\/wp\/v2\/product"}],"about":[{"href":"https:\/\/mazmanuelaalvarez.com\/es\/wp-json\/wp\/v2\/types\/product"}],"replies":[{"embeddable":true,"href":"https:\/\/mazmanuelaalvarez.com\/es\/wp-json\/wp\/v2\/comments?post=5700"}],"wp:featuredmedia":[{"embeddable":true,"href":"https:\/\/mazmanuelaalvarez.com\/es\/wp-json\/wp\/v2\/media\/3300"}],"wp:attachment":[{"href":"https:\/\/mazmanuelaalvarez.com\/es\/wp-json\/wp\/v2\/media?parent=5700"}],"wp:term":[{"taxonomy":"product_cat","embeddable":true,"href":"https:\/\/mazmanuelaalvarez.com\/es\/wp-json\/wp\/v2\/product_cat?post=5700"},{"taxonomy":"product_tag","embeddable":true,"href":"https:\/\/mazmanuelaalvarez.com\/es\/wp-json\/wp\/v2\/product_tag?post=5700"}],"curies":[{"name":"wp","href":"https:\/\/api.w.org\/{rel}","templated":true}]}}