{"id":5659,"date":"2023-09-18T05:20:04","date_gmt":"2023-09-18T10:20:04","guid":{"rendered":"https:\/\/mazmanuelaalvarez.com\/product\/cinturon-tejido-luna\/"},"modified":"2024-05-15T02:51:34","modified_gmt":"2024-05-15T02:51:34","slug":"cinturon-tejido-luna","status":"publish","type":"product","link":"https:\/\/mazmanuelaalvarez.com\/es\/producto\/cinturon-tejido-luna\/","title":{"rendered":"CINTUR\u00d3N TEJIDO-LUNA"},"content":{"rendered":"<p>Cintur\u00f3n de cuero con s\u00edmbolos lunares en hilo encerado tejido a mano.<\/p>\n<p>Prenda realizada en: Bogot\u00e1, Colombia.<\/p>\n<p>Por las manos artesanas de: Luis Neme.<\/p>\n","protected":false},"excerpt":{"rendered":"<p>Cintur\u00f3n de cuero con s\u00edmbolos lunares en hilo encerado tejido a mano.<\/p>\n<p>Prenda realizada en: Bogot\u00e1, Colombia.<\/p>\n<p>Por las manos artesanas de: Luis Neme.<\/p>\n","protected":false},"featured_media":3294,"comment_status":"closed","ping_status":"closed","template":"","meta":[],"product_cat":[173,176],"product_tag":[218,249],"class_list":{"0":"post-5659","1":"product","2":"type-product","3":"status-publish","4":"has-post-thumbnail","6":"product_cat-accesorios","7":"product_cat-mitologia-lunar","8":"product_tag-accesorios","9":"product_tag-fajones","11":"first","12":"onbackorder","13":"shipping-taxable","14":"purchasable","15":"product-type-variable"},"_links":{"self":[{"href":"https:\/\/mazmanuelaalvarez.com\/es\/wp-json\/wp\/v2\/product\/5659","targetHints":{"allow":["GET"]}}],"collection":[{"href":"https:\/\/mazmanuelaalvarez.com\/es\/wp-json\/wp\/v2\/product"}],"about":[{"href":"https:\/\/mazmanuelaalvarez.com\/es\/wp-json\/wp\/v2\/types\/product"}],"replies":[{"embeddable":true,"href":"https:\/\/mazmanuelaalvarez.com\/es\/wp-json\/wp\/v2\/comments?post=5659"}],"wp:featuredmedia":[{"embeddable":true,"href":"https:\/\/mazmanuelaalvarez.com\/es\/wp-json\/wp\/v2\/media\/3294"}],"wp:attachment":[{"href":"https:\/\/mazmanuelaalvarez.com\/es\/wp-json\/wp\/v2\/media?parent=5659"}],"wp:term":[{"taxonomy":"product_cat","embeddable":true,"href":"https:\/\/mazmanuelaalvarez.com\/es\/wp-json\/wp\/v2\/product_cat?post=5659"},{"taxonomy":"product_tag","embeddable":true,"href":"https:\/\/mazmanuelaalvarez.com\/es\/wp-json\/wp\/v2\/product_tag?post=5659"}],"curies":[{"name":"wp","href":"https:\/\/api.w.org\/{rel}","templated":true}]}}