{"id":5607,"date":"2023-09-18T05:19:59","date_gmt":"2023-09-18T10:19:59","guid":{"rendered":"https:\/\/mazmanuelaalvarez.com\/product\/sueter-eclipse-lunar\/"},"modified":"2026-03-09T12:14:49","modified_gmt":"2026-03-09T17:14:49","slug":"sueter-eclipse-lunar","status":"publish","type":"product","link":"https:\/\/mazmanuelaalvarez.com\/es\/producto\/sueter-eclipse-lunar\/","title":{"rendered":"SU\u00c9TER-ECLIPSE LUNAR"},"content":{"rendered":"<p>Su\u00e9ter cuello-V tejido a mano con flecos y s\u00edmbolo de eclipse lunar.<\/p>\n<p>Prenda realizada en: Bogot\u00e1, Colombia<\/p>\n<p>Por las manos artesanas de: Sagrario Mora<\/p>\n","protected":false},"excerpt":{"rendered":"<p>Su\u00e9ter cuello-V tejido a mano con flecos y s\u00edmbolo de eclipse lunar.<\/p>\n<p>Prenda realizada en: Bogot\u00e1, Colombia<\/p>\n<p>Por las manos artesanas de: Sagrario Mora<\/p>\n","protected":false},"featured_media":3282,"comment_status":"closed","ping_status":"closed","template":"","meta":[],"product_cat":[176,164,155],"product_tag":[254],"class_list":{"0":"post-5607","1":"product","2":"type-product","3":"status-publish","4":"has-post-thumbnail","6":"product_cat-mitologia-lunar","7":"product_cat-tejido-de-punto","8":"product_cat-sacos","9":"product_tag-sacos","11":"first","12":"onbackorder","13":"shipping-taxable","14":"purchasable","15":"product-type-variable"},"_links":{"self":[{"href":"https:\/\/mazmanuelaalvarez.com\/es\/wp-json\/wp\/v2\/product\/5607","targetHints":{"allow":["GET"]}}],"collection":[{"href":"https:\/\/mazmanuelaalvarez.com\/es\/wp-json\/wp\/v2\/product"}],"about":[{"href":"https:\/\/mazmanuelaalvarez.com\/es\/wp-json\/wp\/v2\/types\/product"}],"replies":[{"embeddable":true,"href":"https:\/\/mazmanuelaalvarez.com\/es\/wp-json\/wp\/v2\/comments?post=5607"}],"wp:featuredmedia":[{"embeddable":true,"href":"https:\/\/mazmanuelaalvarez.com\/es\/wp-json\/wp\/v2\/media\/3282"}],"wp:attachment":[{"href":"https:\/\/mazmanuelaalvarez.com\/es\/wp-json\/wp\/v2\/media?parent=5607"}],"wp:term":[{"taxonomy":"product_cat","embeddable":true,"href":"https:\/\/mazmanuelaalvarez.com\/es\/wp-json\/wp\/v2\/product_cat?post=5607"},{"taxonomy":"product_tag","embeddable":true,"href":"https:\/\/mazmanuelaalvarez.com\/es\/wp-json\/wp\/v2\/product_tag?post=5607"}],"curies":[{"name":"wp","href":"https:\/\/api.w.org\/{rel}","templated":true}]}}