{"id":5498,"date":"2023-09-18T05:19:43","date_gmt":"2023-09-18T10:19:43","guid":{"rendered":"https:\/\/mazmanuelaalvarez.com\/product\/pantalon-clasico-con-prense-en-cuero\/"},"modified":"2024-05-15T03:23:53","modified_gmt":"2024-05-15T03:23:53","slug":"pantalon-clasico-con-prense-en-cuero","status":"publish","type":"product","link":"https:\/\/mazmanuelaalvarez.com\/es\/producto\/pantalon-clasico-con-prense-en-cuero\/","title":{"rendered":"PANTAL\u00d3N CL\u00c1SICO CON PRENSE EN CUERO"},"content":{"rendered":"<p>Pantal\u00f3n cl\u00e1sico de cintura alta con prense y bota ajustada.<\/p>\n<p>Prenda realizada en: Bogot\u00e1, Colombia.<\/p>\n<p>Por las manos artesanas de: Deisy SantaFe<\/p>\n","protected":false},"excerpt":{"rendered":"<p>Pantal\u00f3n cl\u00e1sico de cintura alta con prense y bota ajustada.<\/p>\n<p>Prenda realizada en: Bogot\u00e1, Colombia.<\/p>\n<p>Por las manos artesanas de: Deisy SantaFe<\/p>\n","protected":false},"featured_media":3249,"comment_status":"closed","ping_status":"closed","template":"","meta":[],"product_cat":[176,158],"product_tag":[222],"class_list":{"0":"post-5498","1":"product","2":"type-product","3":"status-publish","4":"has-post-thumbnail","6":"product_cat-mitologia-lunar","7":"product_cat-inferiores","8":"product_tag-pantalones","10":"first","11":"onbackorder","12":"featured","13":"shipping-taxable","14":"purchasable","15":"product-type-variable"},"_links":{"self":[{"href":"https:\/\/mazmanuelaalvarez.com\/es\/wp-json\/wp\/v2\/product\/5498","targetHints":{"allow":["GET"]}}],"collection":[{"href":"https:\/\/mazmanuelaalvarez.com\/es\/wp-json\/wp\/v2\/product"}],"about":[{"href":"https:\/\/mazmanuelaalvarez.com\/es\/wp-json\/wp\/v2\/types\/product"}],"replies":[{"embeddable":true,"href":"https:\/\/mazmanuelaalvarez.com\/es\/wp-json\/wp\/v2\/comments?post=5498"}],"wp:featuredmedia":[{"embeddable":true,"href":"https:\/\/mazmanuelaalvarez.com\/es\/wp-json\/wp\/v2\/media\/3249"}],"wp:attachment":[{"href":"https:\/\/mazmanuelaalvarez.com\/es\/wp-json\/wp\/v2\/media?parent=5498"}],"wp:term":[{"taxonomy":"product_cat","embeddable":true,"href":"https:\/\/mazmanuelaalvarez.com\/es\/wp-json\/wp\/v2\/product_cat?post=5498"},{"taxonomy":"product_tag","embeddable":true,"href":"https:\/\/mazmanuelaalvarez.com\/es\/wp-json\/wp\/v2\/product_tag?post=5498"}],"curies":[{"name":"wp","href":"https:\/\/api.w.org\/{rel}","templated":true}]}}