{"id":5377,"date":"2023-09-20T05:20:27","date_gmt":"2023-09-20T10:20:27","guid":{"rendered":"https:\/\/mazmanuelaalvarez.com\/product\/pantalon-capa-lateral\/"},"modified":"2024-05-15T04:30:44","modified_gmt":"2024-05-15T04:30:44","slug":"pantalon-capa-lateral","status":"publish","type":"product","link":"https:\/\/mazmanuelaalvarez.com\/es\/producto\/pantalon-capa-lateral\/","title":{"rendered":"PANTAL\u00d3N CAPA LATERAL"},"content":{"rendered":"<p>Pantal\u00f3n bota ancha en lanilla con capa lateral asim\u00e9trica.<\/p>\n<p>Prenda realizada en: Bogot\u00e1, Colombia.<\/p>\n<p>Por las manos artesanas de: Elizabeth Gonz\u00e1lez.<\/p>\n","protected":false},"excerpt":{"rendered":"<p>Pantal\u00f3n bota ancha en lanilla con capa lateral asim\u00e9trica.<\/p>\n<p>Prenda realizada en: Bogot\u00e1, Colombia.<\/p>\n<p>Por las manos artesanas de: Elizabeth Gonz\u00e1lez.<\/p>\n","protected":false},"featured_media":3379,"comment_status":"closed","ping_status":"closed","template":"","meta":[],"product_cat":[177,158],"product_tag":[222],"class_list":{"0":"post-5377","1":"product","2":"type-product","3":"status-publish","4":"has-post-thumbnail","6":"product_cat-flor-de-venus","7":"product_cat-inferiores","8":"product_tag-pantalones","10":"first","11":"onbackorder","12":"shipping-taxable","13":"purchasable","14":"product-type-variable"},"_links":{"self":[{"href":"https:\/\/mazmanuelaalvarez.com\/es\/wp-json\/wp\/v2\/product\/5377","targetHints":{"allow":["GET"]}}],"collection":[{"href":"https:\/\/mazmanuelaalvarez.com\/es\/wp-json\/wp\/v2\/product"}],"about":[{"href":"https:\/\/mazmanuelaalvarez.com\/es\/wp-json\/wp\/v2\/types\/product"}],"replies":[{"embeddable":true,"href":"https:\/\/mazmanuelaalvarez.com\/es\/wp-json\/wp\/v2\/comments?post=5377"}],"wp:featuredmedia":[{"embeddable":true,"href":"https:\/\/mazmanuelaalvarez.com\/es\/wp-json\/wp\/v2\/media\/3379"}],"wp:attachment":[{"href":"https:\/\/mazmanuelaalvarez.com\/es\/wp-json\/wp\/v2\/media?parent=5377"}],"wp:term":[{"taxonomy":"product_cat","embeddable":true,"href":"https:\/\/mazmanuelaalvarez.com\/es\/wp-json\/wp\/v2\/product_cat?post=5377"},{"taxonomy":"product_tag","embeddable":true,"href":"https:\/\/mazmanuelaalvarez.com\/es\/wp-json\/wp\/v2\/product_tag?post=5377"}],"curies":[{"name":"wp","href":"https:\/\/api.w.org\/{rel}","templated":true}]}}