{"id":5338,"date":"2023-09-15T05:18:58","date_gmt":"2023-09-15T10:18:58","guid":{"rendered":"https:\/\/mazmanuelaalvarez.com\/product\/cinturon-chumbe\/"},"modified":"2024-05-15T04:07:05","modified_gmt":"2024-05-15T04:07:05","slug":"cinturon-chumbe","status":"publish","type":"product","link":"https:\/\/mazmanuelaalvarez.com\/es\/producto\/cinturon-chumbe\/","title":{"rendered":"CINTURON CHUMBE"},"content":{"rendered":"<p>El &#8216;Cintur\u00f3n Chumbe&#8217; tiene flecos largos y hebilla. Est\u00e1 elaborado con artesan\u00eda indigena CHUMBE, su simbolog\u00eda quiere decir \u00abIluminada es quien regresa a sus raices\u00bb y es elaborado en telar vertical &#8216;Guanga&#8217; por la Comunidad indigena Camets\u00e1 Biy\u00e1 del Valle del sibundoy en Putumayo.<br data-sanitized-data-mce-fragment=\"1\" \/><br data-sanitized-data-mce-fragment=\"1\" \/>Artesan\u00eda elaborada a mano por:<br data-sanitized-data-mce-fragment=\"1\" \/>Grupo Artesano Curate<\/p>\n<p><br data-sanitized-data-mce-fragment=\"1\" \/>Tecnica:<br data-sanitized-data-mce-fragment=\"1\" \/>Telar vertical &#8216;Guanga&#8217;<\/p>\n<p><br data-sanitized-data-mce-fragment=\"1\" \/>Prenda confeccionada en:<br data-sanitized-data-mce-fragment=\"1\" \/>Bogota, Colombia.<\/p>\n<p><br data-sanitized-data-mce-fragment=\"1\" \/>Por las manos artesanas de:<br data-sanitized-data-mce-fragment=\"1\" \/>Consuelo Campos<\/p>\n","protected":false},"excerpt":{"rendered":"<p>El &#8216;Cintur\u00f3n Chumbe&#8217; tiene flecos largos y hebilla. Est\u00e1 elaborado con artesan\u00eda indigena CHUMBE, su simbolog\u00eda quiere decir \u00abIluminada es quien regresa a sus raices\u00bb y es elaborado en telar vertical &#8216;Guanga&#8217; por la Comunidad indigena Camets\u00e1 Biy\u00e1 del Valle del sibundoy en Putumayo.<br data-sanitized-data-mce-fragment=\"1\" \/><br data-sanitized-data-mce-fragment=\"1\" \/>Artesan\u00eda elaborada a mano por:<br data-sanitized-data-mce-fragment=\"1\" \/>Grupo Artesano Curate<\/p>\n<p><br data-sanitized-data-mce-fragment=\"1\" \/>Tecnica:<br data-sanitized-data-mce-fragment=\"1\" \/>Telar vertical &#8216;Guanga&#8217;<\/p>\n<p><br data-sanitized-data-mce-fragment=\"1\" \/>Prenda confeccionada en:<br data-sanitized-data-mce-fragment=\"1\" \/>Bogota, Colombia.<\/p>\n<p><br data-sanitized-data-mce-fragment=\"1\" \/>Por las manos artesanas de:<br data-sanitized-data-mce-fragment=\"1\" \/>Consuelo Campos<\/p>\n","protected":false},"featured_media":3102,"comment_status":"closed","ping_status":"closed","template":"","meta":[],"product_cat":[173,175],"product_tag":[218,249],"class_list":{"0":"post-5338","1":"product","2":"type-product","3":"status-publish","4":"has-post-thumbnail","6":"product_cat-accesorios","7":"product_cat-la-sabbia-es","8":"product_tag-accesorios","9":"product_tag-fajones","11":"first","12":"onbackorder","13":"shipping-taxable","14":"purchasable","15":"product-type-variable"},"_links":{"self":[{"href":"https:\/\/mazmanuelaalvarez.com\/es\/wp-json\/wp\/v2\/product\/5338","targetHints":{"allow":["GET"]}}],"collection":[{"href":"https:\/\/mazmanuelaalvarez.com\/es\/wp-json\/wp\/v2\/product"}],"about":[{"href":"https:\/\/mazmanuelaalvarez.com\/es\/wp-json\/wp\/v2\/types\/product"}],"replies":[{"embeddable":true,"href":"https:\/\/mazmanuelaalvarez.com\/es\/wp-json\/wp\/v2\/comments?post=5338"}],"wp:featuredmedia":[{"embeddable":true,"href":"https:\/\/mazmanuelaalvarez.com\/es\/wp-json\/wp\/v2\/media\/3102"}],"wp:attachment":[{"href":"https:\/\/mazmanuelaalvarez.com\/es\/wp-json\/wp\/v2\/media?parent=5338"}],"wp:term":[{"taxonomy":"product_cat","embeddable":true,"href":"https:\/\/mazmanuelaalvarez.com\/es\/wp-json\/wp\/v2\/product_cat?post=5338"},{"taxonomy":"product_tag","embeddable":true,"href":"https:\/\/mazmanuelaalvarez.com\/es\/wp-json\/wp\/v2\/product_tag?post=5338"}],"curies":[{"name":"wp","href":"https:\/\/api.w.org\/{rel}","templated":true}]}}