{"id":5329,"date":"2023-09-20T05:20:29","date_gmt":"2023-09-20T10:20:29","guid":{"rendered":"https:\/\/mazmanuelaalvarez.com\/?post_type=product&#038;p=5329"},"modified":"2024-05-15T16:31:58","modified_gmt":"2024-05-15T16:31:58","slug":"falda-tubo-petalo-cuero","status":"publish","type":"product","link":"https:\/\/mazmanuelaalvarez.com\/es\/producto\/falda-tubo-petalo-cuero\/","title":{"rendered":"FALDA TUBO P\u00c9TALO CUERO"},"content":{"rendered":"<p>Falda asim\u00e9trica silueta tubo p\u00e9talo en cuero 100% colombiano.<\/p>\n<p>Prenda realizada en: Bogot\u00e1, Colombia.<\/p>\n<p>Por las manos artesanas de: Deisy Santaf\u00e9<\/p>\n","protected":false},"excerpt":{"rendered":"<p>Falda asim\u00e9trica silueta tubo p\u00e9talo en cuero 100% colombiano. Prenda realizada en: Bogot\u00e1, Colombia. Por las manos artesanas de: Deisy Santaf\u00e9<\/p>\n","protected":false},"featured_media":3386,"comment_status":"closed","ping_status":"closed","template":"","meta":[],"product_cat":[177,158,168],"product_tag":[279],"class_list":{"0":"post-5329","1":"product","2":"type-product","3":"status-publish","4":"has-post-thumbnail","6":"product_cat-flor-de-venus","7":"product_cat-inferiores","8":"product_cat-faldas","9":"product_tag-faldas","11":"first","12":"instock","13":"featured","14":"shipping-taxable","15":"purchasable","16":"product-type-variable"},"_links":{"self":[{"href":"https:\/\/mazmanuelaalvarez.com\/es\/wp-json\/wp\/v2\/product\/5329","targetHints":{"allow":["GET"]}}],"collection":[{"href":"https:\/\/mazmanuelaalvarez.com\/es\/wp-json\/wp\/v2\/product"}],"about":[{"href":"https:\/\/mazmanuelaalvarez.com\/es\/wp-json\/wp\/v2\/types\/product"}],"replies":[{"embeddable":true,"href":"https:\/\/mazmanuelaalvarez.com\/es\/wp-json\/wp\/v2\/comments?post=5329"}],"wp:featuredmedia":[{"embeddable":true,"href":"https:\/\/mazmanuelaalvarez.com\/es\/wp-json\/wp\/v2\/media\/3386"}],"wp:attachment":[{"href":"https:\/\/mazmanuelaalvarez.com\/es\/wp-json\/wp\/v2\/media?parent=5329"}],"wp:term":[{"taxonomy":"product_cat","embeddable":true,"href":"https:\/\/mazmanuelaalvarez.com\/es\/wp-json\/wp\/v2\/product_cat?post=5329"},{"taxonomy":"product_tag","embeddable":true,"href":"https:\/\/mazmanuelaalvarez.com\/es\/wp-json\/wp\/v2\/product_tag?post=5329"}],"curies":[{"name":"wp","href":"https:\/\/api.w.org\/{rel}","templated":true}]}}