{"id":5315,"date":"2023-09-15T05:18:59","date_gmt":"2023-09-15T10:18:59","guid":{"rendered":"https:\/\/mazmanuelaalvarez.com\/product\/vestido-capa-wrap-chumbes\/"},"modified":"2024-05-15T04:05:33","modified_gmt":"2024-05-15T04:05:33","slug":"vestido-capa-wrap-chumbes","status":"publish","type":"product","link":"https:\/\/mazmanuelaalvarez.com\/es\/producto\/vestido-capa-wrap-chumbes\/","title":{"rendered":"VESTIDO CAPA WRAP CHUMBES"},"content":{"rendered":"<p>El &#8216;Vestido Capa Wrap Chumbes&#8217; es elaborado en un algod\u00f3n camisero de peso medio. Se amarra alrededor de la cintura, largo delantero cae en media pierna, y largo trasero cae sobre los tobillos. Sus pu\u00f1os llevan chumbes elaborados a mano en telar vertical &#8216;Guanga&#8217; por el grupo artesano Curarte de la comunidad ind\u00edgena Cam\u00ebnts\u00e1 Biya, del Valle del Sibundoy, Putumayo. Estos chumbes cuentan un poema que se llama &#8216;Iluminada es quien regresa a sus raices&#8217;, una co-creaci\u00f3n entre Manuela \u00c1lvarez y esta comunidad ind\u00edgena. Es una prenda vers\u00e1til ideal para climas calidos y fr\u00edos.<br data-sanitized-data-mce-fragment=\"1\" \/><br data-sanitized-data-mce-fragment=\"1\" \/>Chumbes elaborados por:<br data-sanitized-data-mce-fragment=\"1\" \/>Grupo artesano Curarte de la comunidad ind\u00edgena Cam\u00ebnts\u00e1 Biya del Valle del Sibundoy, Putumayo<\/p>\n<p><br data-sanitized-data-mce-fragment=\"1\" \/>Prenda confeccionada en:<br data-sanitized-data-mce-fragment=\"1\" \/>Bogota, Colombia.<\/p>\n<p><br data-sanitized-data-mce-fragment=\"1\" \/>Por las manos artesanas de:<br data-sanitized-data-mce-fragment=\"1\" \/>Elizabeth Gonzalez<\/p>\n","protected":false},"excerpt":{"rendered":"<p>El &#8216;Vestido Capa Wrap Chumbes&#8217; es elaborado en un algod\u00f3n camisero de peso medio. Se amarra alrededor de la cintura, largo delantero cae en media pierna, y largo trasero cae sobre los tobillos. Sus pu\u00f1os llevan chumbes elaborados a mano en telar vertical &#8216;Guanga&#8217; por el grupo artesano Curarte de la comunidad ind\u00edgena Cam\u00ebnts\u00e1 Biya, del Valle del Sibundoy, Putumayo. Estos chumbes cuentan un poema que se llama &#8216;Iluminada es quien regresa a sus raices&#8217;, una co-creaci\u00f3n entre Manuela \u00c1lvarez y esta comunidad ind\u00edgena. Es una prenda vers\u00e1til ideal para climas calidos y fr\u00edos.<br data-sanitized-data-mce-fragment=\"1\" \/><br data-sanitized-data-mce-fragment=\"1\" \/>Chumbes elaborados por:<br data-sanitized-data-mce-fragment=\"1\" \/>Grupo artesano Curarte de la comunidad ind\u00edgena Cam\u00ebnts\u00e1 Biya del Valle del Sibundoy, Putumayo<\/p>\n<p><br data-sanitized-data-mce-fragment=\"1\" \/>Prenda confeccionada en:<br data-sanitized-data-mce-fragment=\"1\" \/>Bogota, Colombia.<\/p>\n<p><br data-sanitized-data-mce-fragment=\"1\" \/>Por las manos artesanas de:<br data-sanitized-data-mce-fragment=\"1\" \/>Elizabeth Gonzalez<\/p>\n","protected":false},"featured_media":3108,"comment_status":"closed","ping_status":"closed","template":"","meta":[],"product_cat":[175,216],"product_tag":[217],"class_list":{"0":"post-5315","1":"product","2":"type-product","3":"status-publish","4":"has-post-thumbnail","6":"product_cat-la-sabbia-es","7":"product_cat-vestidos-es","8":"product_tag-vestidos","10":"first","11":"onbackorder","12":"shipping-taxable","13":"purchasable","14":"product-type-variable"},"_links":{"self":[{"href":"https:\/\/mazmanuelaalvarez.com\/es\/wp-json\/wp\/v2\/product\/5315","targetHints":{"allow":["GET"]}}],"collection":[{"href":"https:\/\/mazmanuelaalvarez.com\/es\/wp-json\/wp\/v2\/product"}],"about":[{"href":"https:\/\/mazmanuelaalvarez.com\/es\/wp-json\/wp\/v2\/types\/product"}],"replies":[{"embeddable":true,"href":"https:\/\/mazmanuelaalvarez.com\/es\/wp-json\/wp\/v2\/comments?post=5315"}],"wp:featuredmedia":[{"embeddable":true,"href":"https:\/\/mazmanuelaalvarez.com\/es\/wp-json\/wp\/v2\/media\/3108"}],"wp:attachment":[{"href":"https:\/\/mazmanuelaalvarez.com\/es\/wp-json\/wp\/v2\/media?parent=5315"}],"wp:term":[{"taxonomy":"product_cat","embeddable":true,"href":"https:\/\/mazmanuelaalvarez.com\/es\/wp-json\/wp\/v2\/product_cat?post=5315"},{"taxonomy":"product_tag","embeddable":true,"href":"https:\/\/mazmanuelaalvarez.com\/es\/wp-json\/wp\/v2\/product_tag?post=5315"}],"curies":[{"name":"wp","href":"https:\/\/api.w.org\/{rel}","templated":true}]}}