{"id":5279,"date":"2023-09-15T05:19:00","date_gmt":"2023-09-15T10:19:00","guid":{"rendered":"https:\/\/mazmanuelaalvarez.com\/product\/t-shirt-hombro-chumbe-flecos\/"},"modified":"2024-05-15T04:02:44","modified_gmt":"2024-05-15T04:02:44","slug":"t-shirt-hombro-chumbe-flecos","status":"publish","type":"product","link":"https:\/\/mazmanuelaalvarez.com\/es\/producto\/t-shirt-hombro-chumbe-flecos\/","title":{"rendered":"T-SHIRT HOMBRO CHUMBE FLECOS"},"content":{"rendered":"<p>La &#8216;T-Shirt Hombro Chumbe Flecos&#8217; es elaborada en una tela suave de algod\u00f3n, en sus hombros lleva chumbes con flecos elaborados a mano en telar vertical &#8216;Guanga&#8217; por la comunidad ind\u00edgena Cam\u00ebnts\u00e1 Biya, del Valle del Sibundoy, Putumayo. Estos chumbes cuentan un poema que se llama &#8216;Iluminada es quien regresa a sus ra\u00edces&#8217;, una co-creaci\u00f3n entre Manuela \u00c1lvarez y esta comunidad ind\u00edgena. Es una prenda vers\u00e1til ideal para climas c\u00e1lidos y fr\u00edos.<\/p>\n<p>Chumbes elaborados por: Grupo artesano Curarte de la comunidad ind\u00edgena Cam\u00ebnts\u00e1 Biya del Valle del Sibundoy, Putumayo Prenda confeccionada en: Bogot\u00e1, Colombia. Por las manos artesanas de: Prenda realizada en: Bogot\u00e1, Colombia.<\/p>\n<p>Por las manos artesanas de: Consuelo<\/p>\n","protected":false},"excerpt":{"rendered":"<p>La &#8216;T-Shirt Hombro Chumbe Flecos&#8217; es elaborada en una tela suave de algod\u00f3n, en sus hombros lleva chumbes con flecos elaborados a mano en telar vertical &#8216;Guanga&#8217; por la comunidad ind\u00edgena Cam\u00ebnts\u00e1 Biya, del Valle del Sibundoy, Putumayo. Estos chumbes cuentan un poema que se llama &#8216;Iluminada es quien regresa a sus ra\u00edces&#8217;, una co-creaci\u00f3n entre Manuela \u00c1lvarez y esta comunidad ind\u00edgena. Es una prenda vers\u00e1til ideal para climas c\u00e1lidos y fr\u00edos.<\/p>\n<p>Chumbes elaborados por: Grupo artesano Curarte de la comunidad ind\u00edgena Cam\u00ebnts\u00e1 Biya del Valle del Sibundoy, Putumayo Prenda confeccionada en: Bogot\u00e1, Colombia. Por las manos artesanas de: Prenda realizada en: Bogot\u00e1, Colombia.<\/p>\n<p>Por las manos artesanas de: Consuelo<\/p>\n","protected":false},"featured_media":3120,"comment_status":"closed","ping_status":"closed","template":"","meta":[],"product_cat":[175,165],"product_tag":[219],"class_list":{"0":"post-5279","1":"product","2":"type-product","3":"status-publish","4":"has-post-thumbnail","6":"product_cat-la-sabbia-es","7":"product_cat-camisas","8":"product_tag-camisas","10":"first","11":"onbackorder","12":"shipping-taxable","13":"purchasable","14":"product-type-variable"},"_links":{"self":[{"href":"https:\/\/mazmanuelaalvarez.com\/es\/wp-json\/wp\/v2\/product\/5279","targetHints":{"allow":["GET"]}}],"collection":[{"href":"https:\/\/mazmanuelaalvarez.com\/es\/wp-json\/wp\/v2\/product"}],"about":[{"href":"https:\/\/mazmanuelaalvarez.com\/es\/wp-json\/wp\/v2\/types\/product"}],"replies":[{"embeddable":true,"href":"https:\/\/mazmanuelaalvarez.com\/es\/wp-json\/wp\/v2\/comments?post=5279"}],"wp:featuredmedia":[{"embeddable":true,"href":"https:\/\/mazmanuelaalvarez.com\/es\/wp-json\/wp\/v2\/media\/3120"}],"wp:attachment":[{"href":"https:\/\/mazmanuelaalvarez.com\/es\/wp-json\/wp\/v2\/media?parent=5279"}],"wp:term":[{"taxonomy":"product_cat","embeddable":true,"href":"https:\/\/mazmanuelaalvarez.com\/es\/wp-json\/wp\/v2\/product_cat?post=5279"},{"taxonomy":"product_tag","embeddable":true,"href":"https:\/\/mazmanuelaalvarez.com\/es\/wp-json\/wp\/v2\/product_tag?post=5279"}],"curies":[{"name":"wp","href":"https:\/\/api.w.org\/{rel}","templated":true}]}}