{"id":5215,"date":"2023-10-08T05:21:56","date_gmt":"2023-10-08T10:21:56","guid":{"rendered":"https:\/\/mazmanuelaalvarez.com\/product\/camisa-balmaccan-cuero\/"},"modified":"2024-05-15T03:37:19","modified_gmt":"2024-05-15T03:37:19","slug":"camisa-balmaccan-cuero","status":"publish","type":"product","link":"https:\/\/mazmanuelaalvarez.com\/es\/producto\/camisa-balmaccan-cuero\/","title":{"rendered":"CAMISA BALMACCAN CUERO"},"content":{"rendered":"<p>La &#8216;Camisa Balmaccan Cuero&#8217; es elaborada en cuero 100% Colombiano. Sus mangas tienen chumbes en los pu\u00f1os, que cuentan un poema llamado &#8216;Iluminada es quien regresa a sus raices&#8217; y son elaborados en telar vertical &#8216;Guanga&#8217; por el grupo artesano Curarte de la comunidad ind\u00edgena Cam\u00ebnts\u00e1 Biya, del Valle del Sibundoy, Putumayo.<\/p>\n<p>Chumbes elaborados por:<br \/>\nGrupo artesano Curarte de la comunidad ind\u00edgena Cam\u00ebnts\u00e1 Biya, del Valle del Sibundoy, Putumayo<\/p>\n<p>Prenda confeccionada en:<br \/>\nBogota, Colombia.<\/p>\n<p>Por las manos artesanas de:<br \/>\nDeisy Santaf\u00e9<\/p>\n","protected":false},"excerpt":{"rendered":"<p>La &#8216;Camisa Balmaccan Cuero&#8217; es elaborada en cuero 100% Colombiano. Sus mangas tienen chumbes en los pu\u00f1os, que cuentan un poema llamado &#8216;Iluminada es quien regresa a sus raices&#8217; y son elaborados en telar vertical &#8216;Guanga&#8217; por el grupo artesano Curarte de la comunidad ind\u00edgena Cam\u00ebnts\u00e1 Biya, del Valle del Sibundoy, Putumayo.<\/p>\n<p>Chumbes elaborados por:<br \/>\nGrupo artesano Curarte de la comunidad ind\u00edgena Cam\u00ebnts\u00e1 Biya, del Valle del Sibundoy, Putumayo<\/p>\n<p>Prenda confeccionada en:<br \/>\nBogota, Colombia.<\/p>\n<p>Por las manos artesanas de:<br \/>\nDeisy Santaf\u00e9<\/p>\n","protected":false},"featured_media":3234,"comment_status":"closed","ping_status":"closed","template":"","meta":[],"product_cat":[175,165],"product_tag":[219],"class_list":{"0":"post-5215","1":"product","2":"type-product","3":"status-publish","4":"has-post-thumbnail","6":"product_cat-la-sabbia-es","7":"product_cat-camisas","8":"product_tag-camisas","10":"first","11":"onbackorder","12":"shipping-taxable","13":"purchasable","14":"product-type-variable"},"_links":{"self":[{"href":"https:\/\/mazmanuelaalvarez.com\/es\/wp-json\/wp\/v2\/product\/5215","targetHints":{"allow":["GET"]}}],"collection":[{"href":"https:\/\/mazmanuelaalvarez.com\/es\/wp-json\/wp\/v2\/product"}],"about":[{"href":"https:\/\/mazmanuelaalvarez.com\/es\/wp-json\/wp\/v2\/types\/product"}],"replies":[{"embeddable":true,"href":"https:\/\/mazmanuelaalvarez.com\/es\/wp-json\/wp\/v2\/comments?post=5215"}],"wp:featuredmedia":[{"embeddable":true,"href":"https:\/\/mazmanuelaalvarez.com\/es\/wp-json\/wp\/v2\/media\/3234"}],"wp:attachment":[{"href":"https:\/\/mazmanuelaalvarez.com\/es\/wp-json\/wp\/v2\/media?parent=5215"}],"wp:term":[{"taxonomy":"product_cat","embeddable":true,"href":"https:\/\/mazmanuelaalvarez.com\/es\/wp-json\/wp\/v2\/product_cat?post=5215"},{"taxonomy":"product_tag","embeddable":true,"href":"https:\/\/mazmanuelaalvarez.com\/es\/wp-json\/wp\/v2\/product_tag?post=5215"}],"curies":[{"name":"wp","href":"https:\/\/api.w.org\/{rel}","templated":true}]}}