{"id":3627,"date":"2023-10-08T05:21:52","date_gmt":"2023-10-08T10:21:52","guid":{"rendered":"https:\/\/mazmanuelaalvarez.com\/product\/saco-tejido-acordeon-trenza\/"},"modified":"2024-09-02T11:41:53","modified_gmt":"2024-09-02T16:41:53","slug":"saco-tejido-acordeon-trenza","status":"publish","type":"product","link":"https:\/\/mazmanuelaalvarez.com\/es\/producto\/saco-tejido-acordeon-trenza\/","title":{"rendered":"SACO TEJIDO ACORDEON TRENZA"},"content":{"rendered":"","protected":false},"excerpt":{"rendered":"<p>Saco oversized con una terminaci\u00f3n curva asim\u00e9trica, cuenta con corte en brazo y un tejido acanalado tipo acorde\u00f3n. Cuenta con un aplique de trenza plana en el cuello.<\/p>\n","protected":false},"featured_media":2796,"comment_status":"closed","ping_status":"closed","template":"","meta":[],"product_cat":[132,164,155],"product_tag":[254],"class_list":{"0":"post-3627","1":"product","2":"type-product","3":"status-publish","4":"has-post-thumbnail","6":"product_cat-sin-categorizar","7":"product_cat-tejido-de-punto","8":"product_cat-sacos","9":"product_tag-sacos","11":"first","12":"instock","13":"featured","14":"shipping-taxable","15":"purchasable","16":"product-type-variable"},"_links":{"self":[{"href":"https:\/\/mazmanuelaalvarez.com\/es\/wp-json\/wp\/v2\/product\/3627","targetHints":{"allow":["GET"]}}],"collection":[{"href":"https:\/\/mazmanuelaalvarez.com\/es\/wp-json\/wp\/v2\/product"}],"about":[{"href":"https:\/\/mazmanuelaalvarez.com\/es\/wp-json\/wp\/v2\/types\/product"}],"replies":[{"embeddable":true,"href":"https:\/\/mazmanuelaalvarez.com\/es\/wp-json\/wp\/v2\/comments?post=3627"}],"wp:featuredmedia":[{"embeddable":true,"href":"https:\/\/mazmanuelaalvarez.com\/es\/wp-json\/wp\/v2\/media\/2796"}],"wp:attachment":[{"href":"https:\/\/mazmanuelaalvarez.com\/es\/wp-json\/wp\/v2\/media?parent=3627"}],"wp:term":[{"taxonomy":"product_cat","embeddable":true,"href":"https:\/\/mazmanuelaalvarez.com\/es\/wp-json\/wp\/v2\/product_cat?post=3627"},{"taxonomy":"product_tag","embeddable":true,"href":"https:\/\/mazmanuelaalvarez.com\/es\/wp-json\/wp\/v2\/product_tag?post=3627"}],"curies":[{"name":"wp","href":"https:\/\/api.w.org\/{rel}","templated":true}]}}