{"id":3495,"date":"2023-10-08T05:21:54","date_gmt":"2023-10-08T10:21:54","guid":{"rendered":"https:\/\/mazmanuelaalvarez.com\/product\/peto-nuno-malla-fieltro\/"},"modified":"2024-09-02T11:26:22","modified_gmt":"2024-09-02T16:26:22","slug":"peto-nuno-malla-fieltro","status":"publish","type":"product","link":"https:\/\/mazmanuelaalvarez.com\/es\/producto\/peto-nuno-malla-fieltro\/","title":{"rendered":"PETO NUNO MALLA FIELTRO"},"content":{"rendered":"","protected":false},"excerpt":{"rendered":"<p>Top cruzado en cuadricula formada por finas l\u00edneas de lana merino con mot\u00f3n de seda al cruzarlo se forma un patr\u00f3n org\u00e1nico asemejando la estructura \u00f3sea. As\u00ed\u00a0mismo en la espalda cuelgan estas tiras de lana y seda que asemejan la columna vertebral.<\/p>\n","protected":false},"featured_media":4056,"comment_status":"closed","ping_status":"closed","template":"","meta":[],"product_cat":[132],"product_tag":[245],"class_list":{"0":"post-3495","1":"product","2":"type-product","3":"status-publish","4":"has-post-thumbnail","6":"product_cat-sin-categorizar","7":"product_tag-tops-es","9":"first","10":"instock","11":"featured","12":"shipping-taxable","13":"purchasable","14":"product-type-simple"},"_links":{"self":[{"href":"https:\/\/mazmanuelaalvarez.com\/es\/wp-json\/wp\/v2\/product\/3495","targetHints":{"allow":["GET"]}}],"collection":[{"href":"https:\/\/mazmanuelaalvarez.com\/es\/wp-json\/wp\/v2\/product"}],"about":[{"href":"https:\/\/mazmanuelaalvarez.com\/es\/wp-json\/wp\/v2\/types\/product"}],"replies":[{"embeddable":true,"href":"https:\/\/mazmanuelaalvarez.com\/es\/wp-json\/wp\/v2\/comments?post=3495"}],"wp:featuredmedia":[{"embeddable":true,"href":"https:\/\/mazmanuelaalvarez.com\/es\/wp-json\/wp\/v2\/media\/4056"}],"wp:attachment":[{"href":"https:\/\/mazmanuelaalvarez.com\/es\/wp-json\/wp\/v2\/media?parent=3495"}],"wp:term":[{"taxonomy":"product_cat","embeddable":true,"href":"https:\/\/mazmanuelaalvarez.com\/es\/wp-json\/wp\/v2\/product_cat?post=3495"},{"taxonomy":"product_tag","embeddable":true,"href":"https:\/\/mazmanuelaalvarez.com\/es\/wp-json\/wp\/v2\/product_tag?post=3495"}],"curies":[{"name":"wp","href":"https:\/\/api.w.org\/{rel}","templated":true}]}}