{"id":14631,"date":"2026-01-08T10:16:11","date_gmt":"2026-01-08T15:16:11","guid":{"rendered":"https:\/\/mazmanuelaalvarez.com\/?post_type=product&#038;p=14631"},"modified":"2026-01-08T10:29:11","modified_gmt":"2026-01-08T15:29:11","slug":"chaqueta-bomber-telar-vibora-cuero-copy-2","status":"publish","type":"product","link":"https:\/\/mazmanuelaalvarez.com\/es\/producto\/chaqueta-bomber-telar-vibora-cuero-copy-2\/","title":{"rendered":"CHAQUETA BOMBER TELAR V\u00cdBORA CUERO"},"content":{"rendered":"","protected":false},"excerpt":{"rendered":"<p><span style=\"font-weight: 400;\">Una silueta cl\u00e1sica, genderless y cosmopolita de la chaqueta bomber reinterpretada en el laboratorio textil de MAZ. Sus mangas y el cuello en cuero colombiano contrastan con la textura artesanal de la trama \u201cV\u00edbora\u201d, un textil innovador de la temporada tejido 100% a mano en un telar horizontal con algod\u00f3n y cord\u00f3n de cuero, que simula el movimiento de una serpiente. Su combinaci\u00f3n de texturas crean una prenda que conecta la fuerza y la sensibilidad. <\/span><\/p>\n","protected":false},"featured_media":14645,"comment_status":"closed","ping_status":"closed","template":"","meta":[],"product_cat":[240,163],"product_tag":[253],"class_list":{"0":"post-14631","1":"product","2":"type-product","3":"status-publish","4":"has-post-thumbnail","6":"product_cat-la-alquimista-es","7":"product_cat-abrigos-y-chaquetas","8":"product_tag-chaquetas","10":"first","11":"onbackorder","12":"shipping-taxable","13":"purchasable","14":"product-type-variable"},"_links":{"self":[{"href":"https:\/\/mazmanuelaalvarez.com\/es\/wp-json\/wp\/v2\/product\/14631","targetHints":{"allow":["GET"]}}],"collection":[{"href":"https:\/\/mazmanuelaalvarez.com\/es\/wp-json\/wp\/v2\/product"}],"about":[{"href":"https:\/\/mazmanuelaalvarez.com\/es\/wp-json\/wp\/v2\/types\/product"}],"replies":[{"embeddable":true,"href":"https:\/\/mazmanuelaalvarez.com\/es\/wp-json\/wp\/v2\/comments?post=14631"}],"wp:featuredmedia":[{"embeddable":true,"href":"https:\/\/mazmanuelaalvarez.com\/es\/wp-json\/wp\/v2\/media\/14645"}],"wp:attachment":[{"href":"https:\/\/mazmanuelaalvarez.com\/es\/wp-json\/wp\/v2\/media?parent=14631"}],"wp:term":[{"taxonomy":"product_cat","embeddable":true,"href":"https:\/\/mazmanuelaalvarez.com\/es\/wp-json\/wp\/v2\/product_cat?post=14631"},{"taxonomy":"product_tag","embeddable":true,"href":"https:\/\/mazmanuelaalvarez.com\/es\/wp-json\/wp\/v2\/product_tag?post=14631"}],"curies":[{"name":"wp","href":"https:\/\/api.w.org\/{rel}","templated":true}]}}