{"id":14583,"date":"2025-12-11T17:39:57","date_gmt":"2025-12-11T22:39:57","guid":{"rendered":"https:\/\/mazmanuelaalvarez.com\/?post_type=product&#038;p=14583"},"modified":"2025-12-13T07:45:31","modified_gmt":"2025-12-13T12:45:31","slug":"oraculo-alma-feral","status":"publish","type":"product","link":"https:\/\/mazmanuelaalvarez.com\/es\/producto\/oraculo-alma-feral\/","title":{"rendered":"OR\u00c1CULO ALMA FERAL"},"content":{"rendered":"","protected":false},"excerpt":{"rendered":"<p class=\"p1\"><span class=\"s1\">El Or\u00e1culo Alma Feral re\u00fane los animales de poder que acompa\u00f1aron la creaci\u00f3n de la colecci\u00f3n, cada uno encarnando una energ\u00eda particular y un arquetipo femenino que revela y activa la fuerza interior. Co-creado junto a Nicole Antoine-Feill Baron (@venadazul) e ilustrado y dise\u00f1ado a mano por Valentina Mu\u00f1oz, este or\u00e1culo funciona como una gu\u00eda para transiciones, nuevos comienzos y procesos de transformaci\u00f3n: un espejo para recordar la potencia que ya habita en ti.<\/span><\/p>\n<p class=\"p1\"><span class=\"s1\">El or\u00e1culo incluye 10 cartas de energ\u00eda, 10 cartas de significado y una gu\u00eda de instrucciones.<\/span><\/p>\n","protected":false},"featured_media":14593,"comment_status":"closed","ping_status":"closed","template":"","meta":[],"product_cat":[296],"product_tag":[311],"class_list":{"0":"post-14583","1":"product","2":"type-product","3":"status-publish","4":"has-post-thumbnail","6":"product_cat-alma-feral-es","7":"product_tag-cartas","9":"first","10":"instock","11":"featured","12":"shipping-taxable","13":"purchasable","14":"product-type-variable"},"_links":{"self":[{"href":"https:\/\/mazmanuelaalvarez.com\/es\/wp-json\/wp\/v2\/product\/14583","targetHints":{"allow":["GET"]}}],"collection":[{"href":"https:\/\/mazmanuelaalvarez.com\/es\/wp-json\/wp\/v2\/product"}],"about":[{"href":"https:\/\/mazmanuelaalvarez.com\/es\/wp-json\/wp\/v2\/types\/product"}],"replies":[{"embeddable":true,"href":"https:\/\/mazmanuelaalvarez.com\/es\/wp-json\/wp\/v2\/comments?post=14583"}],"wp:featuredmedia":[{"embeddable":true,"href":"https:\/\/mazmanuelaalvarez.com\/es\/wp-json\/wp\/v2\/media\/14593"}],"wp:attachment":[{"href":"https:\/\/mazmanuelaalvarez.com\/es\/wp-json\/wp\/v2\/media?parent=14583"}],"wp:term":[{"taxonomy":"product_cat","embeddable":true,"href":"https:\/\/mazmanuelaalvarez.com\/es\/wp-json\/wp\/v2\/product_cat?post=14583"},{"taxonomy":"product_tag","embeddable":true,"href":"https:\/\/mazmanuelaalvarez.com\/es\/wp-json\/wp\/v2\/product_tag?post=14583"}],"curies":[{"name":"wp","href":"https:\/\/api.w.org\/{rel}","templated":true}]}}