{"id":14488,"date":"2025-12-02T13:03:52","date_gmt":"2025-12-02T18:03:52","guid":{"rendered":"https:\/\/mazmanuelaalvarez.com\/?post_type=product&#038;p=14488"},"modified":"2025-12-02T13:50:33","modified_gmt":"2025-12-02T18:50:33","slug":"top-cuero-intrecciatto-copy","status":"publish","type":"product","link":"https:\/\/mazmanuelaalvarez.com\/es\/producto\/top-cuero-intrecciatto-copy\/","title":{"rendered":"TOP CUERO INTRECCIATO"},"content":{"rendered":"","protected":false},"excerpt":{"rendered":"<p>Inspirado en nuestro ic\u00f3nico faj\u00f3n Alas Monta\u00f1a, este top destaca por los detalles intrecciato tejidos a mano en su parte frontal con tiras de cuero 100% colombiano. Su silueta estructurada evoluciona la forma de nuestro bestseller, uniendo la fuerza del cuero con un ajuste contempor\u00e1neo y refinado.<\/p>\n<p>&nbsp;<\/p>\n","protected":false},"featured_media":13605,"comment_status":"closed","ping_status":"closed","template":"","meta":[],"product_cat":[296],"product_tag":[251,300,245],"class_list":{"0":"post-14488","1":"product","2":"type-product","3":"status-publish","4":"has-post-thumbnail","6":"product_cat-alma-feral-es","7":"product_tag-cuero","8":"product_tag-intrecciato-es","9":"product_tag-tops-es","11":"first","12":"instock","13":"featured","14":"shipping-taxable","15":"purchasable","16":"product-type-variable"},"_links":{"self":[{"href":"https:\/\/mazmanuelaalvarez.com\/es\/wp-json\/wp\/v2\/product\/14488","targetHints":{"allow":["GET"]}}],"collection":[{"href":"https:\/\/mazmanuelaalvarez.com\/es\/wp-json\/wp\/v2\/product"}],"about":[{"href":"https:\/\/mazmanuelaalvarez.com\/es\/wp-json\/wp\/v2\/types\/product"}],"replies":[{"embeddable":true,"href":"https:\/\/mazmanuelaalvarez.com\/es\/wp-json\/wp\/v2\/comments?post=14488"}],"wp:featuredmedia":[{"embeddable":true,"href":"https:\/\/mazmanuelaalvarez.com\/es\/wp-json\/wp\/v2\/media\/13605"}],"wp:attachment":[{"href":"https:\/\/mazmanuelaalvarez.com\/es\/wp-json\/wp\/v2\/media?parent=14488"}],"wp:term":[{"taxonomy":"product_cat","embeddable":true,"href":"https:\/\/mazmanuelaalvarez.com\/es\/wp-json\/wp\/v2\/product_cat?post=14488"},{"taxonomy":"product_tag","embeddable":true,"href":"https:\/\/mazmanuelaalvarez.com\/es\/wp-json\/wp\/v2\/product_tag?post=14488"}],"curies":[{"name":"wp","href":"https:\/\/api.w.org\/{rel}","templated":true}]}}