{"id":14466,"date":"2025-12-02T13:01:30","date_gmt":"2025-12-02T18:01:30","guid":{"rendered":"https:\/\/mazmanuelaalvarez.com\/?post_type=product&#038;p=14466"},"modified":"2025-12-02T13:51:19","modified_gmt":"2025-12-02T18:51:19","slug":"camisa-malla-macrame-copy","status":"publish","type":"product","link":"https:\/\/mazmanuelaalvarez.com\/es\/producto\/camisa-malla-macrame-copy\/","title":{"rendered":"CAMISA MALLA MACRAM\u00c9"},"content":{"rendered":"","protected":false},"excerpt":{"rendered":"<p><span style=\"font-weight: 400;\">Camisa tejida completamente a mano con nudos de macram\u00e9, y cerrada a mano puntada por puntada. De silueta amplia y mangas voluminosas que terminan en pu\u00f1os tambi\u00e9n tejidos en macram\u00e9. Flecos largos caen desde el ruedo hasta el suelo, aportando dramatismo y movimiento.<\/span><\/p>\n","protected":false},"featured_media":13345,"comment_status":"closed","ping_status":"closed","template":"","meta":[],"product_cat":[296,216],"product_tag":[217],"class_list":{"0":"post-14466","1":"product","2":"type-product","3":"status-publish","4":"has-post-thumbnail","6":"product_cat-alma-feral-es","7":"product_cat-vestidos-es","8":"product_tag-vestidos","10":"first","11":"onbackorder","12":"featured","13":"shipping-taxable","14":"purchasable","15":"product-type-variable"},"_links":{"self":[{"href":"https:\/\/mazmanuelaalvarez.com\/es\/wp-json\/wp\/v2\/product\/14466","targetHints":{"allow":["GET"]}}],"collection":[{"href":"https:\/\/mazmanuelaalvarez.com\/es\/wp-json\/wp\/v2\/product"}],"about":[{"href":"https:\/\/mazmanuelaalvarez.com\/es\/wp-json\/wp\/v2\/types\/product"}],"replies":[{"embeddable":true,"href":"https:\/\/mazmanuelaalvarez.com\/es\/wp-json\/wp\/v2\/comments?post=14466"}],"wp:featuredmedia":[{"embeddable":true,"href":"https:\/\/mazmanuelaalvarez.com\/es\/wp-json\/wp\/v2\/media\/13345"}],"wp:attachment":[{"href":"https:\/\/mazmanuelaalvarez.com\/es\/wp-json\/wp\/v2\/media?parent=14466"}],"wp:term":[{"taxonomy":"product_cat","embeddable":true,"href":"https:\/\/mazmanuelaalvarez.com\/es\/wp-json\/wp\/v2\/product_cat?post=14466"},{"taxonomy":"product_tag","embeddable":true,"href":"https:\/\/mazmanuelaalvarez.com\/es\/wp-json\/wp\/v2\/product_tag?post=14466"}],"curies":[{"name":"wp","href":"https:\/\/api.w.org\/{rel}","templated":true}]}}