{"id":14459,"date":"2025-12-02T13:00:55","date_gmt":"2025-12-02T18:00:55","guid":{"rendered":"https:\/\/mazmanuelaalvarez.com\/?post_type=product&#038;p=14459"},"modified":"2025-12-02T13:51:41","modified_gmt":"2025-12-02T18:51:41","slug":"chaleco-macrame-copy","status":"publish","type":"product","link":"https:\/\/mazmanuelaalvarez.com\/es\/producto\/chaleco-macrame-copy\/","title":{"rendered":"CHALECO MACRAM\u00c9"},"content":{"rendered":"","protected":false},"excerpt":{"rendered":"<p>Chaleco cropped tejido a mano en nudos de macram\u00e9 con cord\u00f3n v\u00edbora. Corto a la altura de la cintura con largas tiras que se extienden hasta la rodilla y aportan movimiento. Una pieza distintiva que suma sofisticaci\u00f3n a cualquier look y se convierte en el complemento perfecto.<\/p>\n<p>&nbsp;<\/p>\n","protected":false},"featured_media":13800,"comment_status":"closed","ping_status":"closed","template":"","meta":[],"product_cat":[296,163],"product_tag":[299],"class_list":{"0":"post-14459","1":"product","2":"type-product","3":"status-publish","4":"has-post-thumbnail","6":"product_cat-alma-feral-es","7":"product_cat-abrigos-y-chaquetas","8":"product_tag-chaleco","10":"first","11":"instock","12":"featured","13":"shipping-taxable","14":"purchasable","15":"product-type-variable"},"_links":{"self":[{"href":"https:\/\/mazmanuelaalvarez.com\/es\/wp-json\/wp\/v2\/product\/14459","targetHints":{"allow":["GET"]}}],"collection":[{"href":"https:\/\/mazmanuelaalvarez.com\/es\/wp-json\/wp\/v2\/product"}],"about":[{"href":"https:\/\/mazmanuelaalvarez.com\/es\/wp-json\/wp\/v2\/types\/product"}],"replies":[{"embeddable":true,"href":"https:\/\/mazmanuelaalvarez.com\/es\/wp-json\/wp\/v2\/comments?post=14459"}],"wp:featuredmedia":[{"embeddable":true,"href":"https:\/\/mazmanuelaalvarez.com\/es\/wp-json\/wp\/v2\/media\/13800"}],"wp:attachment":[{"href":"https:\/\/mazmanuelaalvarez.com\/es\/wp-json\/wp\/v2\/media?parent=14459"}],"wp:term":[{"taxonomy":"product_cat","embeddable":true,"href":"https:\/\/mazmanuelaalvarez.com\/es\/wp-json\/wp\/v2\/product_cat?post=14459"},{"taxonomy":"product_tag","embeddable":true,"href":"https:\/\/mazmanuelaalvarez.com\/es\/wp-json\/wp\/v2\/product_tag?post=14459"}],"curies":[{"name":"wp","href":"https:\/\/api.w.org\/{rel}","templated":true}]}}