{"id":14439,"date":"2025-12-02T12:59:40","date_gmt":"2025-12-02T17:59:40","guid":{"rendered":"https:\/\/mazmanuelaalvarez.com\/?post_type=product&#038;p=14439"},"modified":"2025-12-02T13:51:59","modified_gmt":"2025-12-02T18:51:59","slug":"pantalon-cruzado-cuero-copy","status":"publish","type":"product","link":"https:\/\/mazmanuelaalvarez.com\/es\/producto\/pantalon-cruzado-cuero-copy\/","title":{"rendered":"PANTAL\u00d3N CRUZADO CUERO"},"content":{"rendered":"","protected":false},"excerpt":{"rendered":"<p>Pantal\u00f3n en cuero 100% colombiano con pretina cruzada de izquierda a derecha que se extiende hasta la mitad de la pierna derecha. Sobre la l\u00ednea del cruce, una fila de botones tejidos a mano en cuero acompa\u00f1a la ca\u00edda de la pieza, destacando el trabajo artesanal y la construcci\u00f3n asim\u00e9trica.<\/p>\n<p>&nbsp;<\/p>\n","protected":false},"featured_media":13554,"comment_status":"closed","ping_status":"closed","template":"","meta":[],"product_cat":[296,158],"product_tag":[251,223],"class_list":{"0":"post-14439","1":"product","2":"type-product","3":"status-publish","4":"has-post-thumbnail","6":"product_cat-alma-feral-es","7":"product_cat-inferiores","8":"product_tag-cuero","9":"product_tag-pantalones-es","11":"first","12":"instock","13":"featured","14":"shipping-taxable","15":"purchasable","16":"product-type-variable"},"_links":{"self":[{"href":"https:\/\/mazmanuelaalvarez.com\/es\/wp-json\/wp\/v2\/product\/14439","targetHints":{"allow":["GET"]}}],"collection":[{"href":"https:\/\/mazmanuelaalvarez.com\/es\/wp-json\/wp\/v2\/product"}],"about":[{"href":"https:\/\/mazmanuelaalvarez.com\/es\/wp-json\/wp\/v2\/types\/product"}],"replies":[{"embeddable":true,"href":"https:\/\/mazmanuelaalvarez.com\/es\/wp-json\/wp\/v2\/comments?post=14439"}],"wp:featuredmedia":[{"embeddable":true,"href":"https:\/\/mazmanuelaalvarez.com\/es\/wp-json\/wp\/v2\/media\/13554"}],"wp:attachment":[{"href":"https:\/\/mazmanuelaalvarez.com\/es\/wp-json\/wp\/v2\/media?parent=14439"}],"wp:term":[{"taxonomy":"product_cat","embeddable":true,"href":"https:\/\/mazmanuelaalvarez.com\/es\/wp-json\/wp\/v2\/product_cat?post=14439"},{"taxonomy":"product_tag","embeddable":true,"href":"https:\/\/mazmanuelaalvarez.com\/es\/wp-json\/wp\/v2\/product_tag?post=14439"}],"curies":[{"name":"wp","href":"https:\/\/api.w.org\/{rel}","templated":true}]}}