{"id":14387,"date":"2025-12-02T12:57:42","date_gmt":"2025-12-02T17:57:42","guid":{"rendered":"https:\/\/mazmanuelaalvarez.com\/?post_type=product&#038;p=14387"},"modified":"2025-12-02T13:52:36","modified_gmt":"2025-12-02T18:52:36","slug":"sacos-tejido-picos-copy","status":"publish","type":"product","link":"https:\/\/mazmanuelaalvarez.com\/es\/producto\/sacos-tejido-picos-copy\/","title":{"rendered":"SACOS TEJIDO PICOS"},"content":{"rendered":"","protected":false},"excerpt":{"rendered":"<p>Saco tejido con silueta caracter\u00edstica de MAZ: hombros descubiertos, mangas largas y cuello en trenza tejida a mano, distintiva de la marca. Tiene una ca\u00edda lateral hacia el lado derecho, est\u00e1 elaborado en la t\u00e9cnica de innovaci\u00f3n de la temporada: picos tejidos en tejido de punto de m\u00e1quina manual, que le aporta textura y movimiento a la pieza.<\/p>\n<p>&nbsp;<\/p>\n","protected":false},"featured_media":13055,"comment_status":"closed","ping_status":"closed","template":"","meta":[],"product_cat":[296,164,155],"product_tag":[254,243],"class_list":{"0":"post-14387","1":"product","2":"type-product","3":"status-publish","4":"has-post-thumbnail","6":"product_cat-alma-feral-es","7":"product_cat-tejido-de-punto","8":"product_cat-sacos","9":"product_tag-sacos","10":"product_tag-tejido-de-punto","12":"first","13":"onbackorder","14":"featured","15":"shipping-taxable","16":"purchasable","17":"product-type-variable"},"_links":{"self":[{"href":"https:\/\/mazmanuelaalvarez.com\/es\/wp-json\/wp\/v2\/product\/14387","targetHints":{"allow":["GET"]}}],"collection":[{"href":"https:\/\/mazmanuelaalvarez.com\/es\/wp-json\/wp\/v2\/product"}],"about":[{"href":"https:\/\/mazmanuelaalvarez.com\/es\/wp-json\/wp\/v2\/types\/product"}],"replies":[{"embeddable":true,"href":"https:\/\/mazmanuelaalvarez.com\/es\/wp-json\/wp\/v2\/comments?post=14387"}],"wp:featuredmedia":[{"embeddable":true,"href":"https:\/\/mazmanuelaalvarez.com\/es\/wp-json\/wp\/v2\/media\/13055"}],"wp:attachment":[{"href":"https:\/\/mazmanuelaalvarez.com\/es\/wp-json\/wp\/v2\/media?parent=14387"}],"wp:term":[{"taxonomy":"product_cat","embeddable":true,"href":"https:\/\/mazmanuelaalvarez.com\/es\/wp-json\/wp\/v2\/product_cat?post=14387"},{"taxonomy":"product_tag","embeddable":true,"href":"https:\/\/mazmanuelaalvarez.com\/es\/wp-json\/wp\/v2\/product_tag?post=14387"}],"curies":[{"name":"wp","href":"https:\/\/api.w.org\/{rel}","templated":true}]}}