{"id":14347,"date":"2025-12-02T12:56:24","date_gmt":"2025-12-02T17:56:24","guid":{"rendered":"https:\/\/mazmanuelaalvarez.com\/?post_type=product&#038;p=14347"},"modified":"2025-12-02T13:53:11","modified_gmt":"2025-12-02T18:53:11","slug":"saco-vestido-tejido-picos-copy","status":"publish","type":"product","link":"https:\/\/mazmanuelaalvarez.com\/es\/producto\/saco-vestido-tejido-picos-copy\/","title":{"rendered":"SACO VESTIDO TEJIDO PICOS"},"content":{"rendered":"","protected":false},"excerpt":{"rendered":"<p>Saco de silueta oversized con descarga lateral izquierda, tejido en la t\u00e9cnica de innovaci\u00f3n de la temporada: picos estructurales realizados en tejido de punto en m\u00e1quina manual. Su construcci\u00f3n reversible permite usarlo tanto con su escote en V profundo hacia el frente como hacia la espalda.<\/p>\n","protected":false},"featured_media":13093,"comment_status":"closed","ping_status":"closed","template":"","meta":[],"product_cat":[296,164,155],"product_tag":[254,243],"class_list":{"0":"post-14347","1":"product","2":"type-product","3":"status-publish","4":"has-post-thumbnail","6":"product_cat-alma-feral-es","7":"product_cat-tejido-de-punto","8":"product_cat-sacos","9":"product_tag-sacos","10":"product_tag-tejido-de-punto","12":"first","13":"instock","14":"featured","15":"shipping-taxable","16":"purchasable","17":"product-type-variable"},"_links":{"self":[{"href":"https:\/\/mazmanuelaalvarez.com\/es\/wp-json\/wp\/v2\/product\/14347","targetHints":{"allow":["GET"]}}],"collection":[{"href":"https:\/\/mazmanuelaalvarez.com\/es\/wp-json\/wp\/v2\/product"}],"about":[{"href":"https:\/\/mazmanuelaalvarez.com\/es\/wp-json\/wp\/v2\/types\/product"}],"replies":[{"embeddable":true,"href":"https:\/\/mazmanuelaalvarez.com\/es\/wp-json\/wp\/v2\/comments?post=14347"}],"wp:featuredmedia":[{"embeddable":true,"href":"https:\/\/mazmanuelaalvarez.com\/es\/wp-json\/wp\/v2\/media\/13093"}],"wp:attachment":[{"href":"https:\/\/mazmanuelaalvarez.com\/es\/wp-json\/wp\/v2\/media?parent=14347"}],"wp:term":[{"taxonomy":"product_cat","embeddable":true,"href":"https:\/\/mazmanuelaalvarez.com\/es\/wp-json\/wp\/v2\/product_cat?post=14347"},{"taxonomy":"product_tag","embeddable":true,"href":"https:\/\/mazmanuelaalvarez.com\/es\/wp-json\/wp\/v2\/product_tag?post=14347"}],"curies":[{"name":"wp","href":"https:\/\/api.w.org\/{rel}","templated":true}]}}