{"id":14329,"date":"2025-12-02T12:55:45","date_gmt":"2025-12-02T17:55:45","guid":{"rendered":"https:\/\/mazmanuelaalvarez.com\/?post_type=product&#038;p=14329"},"modified":"2025-12-02T13:53:29","modified_gmt":"2025-12-02T18:53:29","slug":"falda-vestido-tejido-picos-copy","status":"publish","type":"product","link":"https:\/\/mazmanuelaalvarez.com\/es\/producto\/falda-vestido-tejido-picos-copy\/","title":{"rendered":"FALDA VESTIDO TEJIDO PICOS"},"content":{"rendered":"","protected":false},"excerpt":{"rendered":"<p>Falda larga hasta los tobillos, confeccionada en la t\u00e9cnica de innovaci\u00f3n de la temporada: picos estructurales tejidos en tejido de punto en m\u00e1quina manual. Presenta una silueta tubo con descarga lateral izquierda.<\/p>\n<p>&nbsp;<\/p>\n","protected":false},"featured_media":13143,"comment_status":"closed","ping_status":"closed","template":"","meta":[],"product_cat":[296,158,168,164],"product_tag":[254,243],"class_list":{"0":"post-14329","1":"product","2":"type-product","3":"status-publish","4":"has-post-thumbnail","6":"product_cat-alma-feral-es","7":"product_cat-inferiores","8":"product_cat-faldas","9":"product_cat-tejido-de-punto","10":"product_tag-sacos","11":"product_tag-tejido-de-punto","13":"first","14":"instock","15":"featured","16":"shipping-taxable","17":"purchasable","18":"product-type-variable"},"_links":{"self":[{"href":"https:\/\/mazmanuelaalvarez.com\/es\/wp-json\/wp\/v2\/product\/14329","targetHints":{"allow":["GET"]}}],"collection":[{"href":"https:\/\/mazmanuelaalvarez.com\/es\/wp-json\/wp\/v2\/product"}],"about":[{"href":"https:\/\/mazmanuelaalvarez.com\/es\/wp-json\/wp\/v2\/types\/product"}],"replies":[{"embeddable":true,"href":"https:\/\/mazmanuelaalvarez.com\/es\/wp-json\/wp\/v2\/comments?post=14329"}],"wp:featuredmedia":[{"embeddable":true,"href":"https:\/\/mazmanuelaalvarez.com\/es\/wp-json\/wp\/v2\/media\/13143"}],"wp:attachment":[{"href":"https:\/\/mazmanuelaalvarez.com\/es\/wp-json\/wp\/v2\/media?parent=14329"}],"wp:term":[{"taxonomy":"product_cat","embeddable":true,"href":"https:\/\/mazmanuelaalvarez.com\/es\/wp-json\/wp\/v2\/product_cat?post=14329"},{"taxonomy":"product_tag","embeddable":true,"href":"https:\/\/mazmanuelaalvarez.com\/es\/wp-json\/wp\/v2\/product_tag?post=14329"}],"curies":[{"name":"wp","href":"https:\/\/api.w.org\/{rel}","templated":true}]}}