{"id":14319,"date":"2025-12-02T12:54:52","date_gmt":"2025-12-02T17:54:52","guid":{"rendered":"https:\/\/mazmanuelaalvarez.com\/?post_type=product&#038;p=14319"},"modified":"2025-12-02T13:53:46","modified_gmt":"2025-12-02T18:53:46","slug":"saco-tablones-trenzas-copy","status":"publish","type":"product","link":"https:\/\/mazmanuelaalvarez.com\/es\/producto\/saco-tablones-trenzas-copy\/","title":{"rendered":"SACO TABLONES TRENZAS"},"content":{"rendered":"","protected":false},"excerpt":{"rendered":"<p>Saco tejido en tejido de punto en m\u00e1quina manual con rayas bicolor en negro y blanco, complementadas por dos trenzas que descienden desde los hombros hasta el bajo de la pieza. Estas trenzas, tambi\u00e9n tejidas a mano, simbolizan la continuidad y la preservaci\u00f3n de la sabidur\u00eda y la tradici\u00f3n en la cultura latinoamericana.<\/p>\n","protected":false},"featured_media":13185,"comment_status":"closed","ping_status":"closed","template":"","meta":[],"product_cat":[296,164,155],"product_tag":[254,243],"class_list":{"0":"post-14319","1":"product","2":"type-product","3":"status-publish","4":"has-post-thumbnail","6":"product_cat-alma-feral-es","7":"product_cat-tejido-de-punto","8":"product_cat-sacos","9":"product_tag-sacos","10":"product_tag-tejido-de-punto","12":"first","13":"instock","14":"featured","15":"shipping-taxable","16":"purchasable","17":"product-type-variable"},"_links":{"self":[{"href":"https:\/\/mazmanuelaalvarez.com\/es\/wp-json\/wp\/v2\/product\/14319","targetHints":{"allow":["GET"]}}],"collection":[{"href":"https:\/\/mazmanuelaalvarez.com\/es\/wp-json\/wp\/v2\/product"}],"about":[{"href":"https:\/\/mazmanuelaalvarez.com\/es\/wp-json\/wp\/v2\/types\/product"}],"replies":[{"embeddable":true,"href":"https:\/\/mazmanuelaalvarez.com\/es\/wp-json\/wp\/v2\/comments?post=14319"}],"wp:featuredmedia":[{"embeddable":true,"href":"https:\/\/mazmanuelaalvarez.com\/es\/wp-json\/wp\/v2\/media\/13185"}],"wp:attachment":[{"href":"https:\/\/mazmanuelaalvarez.com\/es\/wp-json\/wp\/v2\/media?parent=14319"}],"wp:term":[{"taxonomy":"product_cat","embeddable":true,"href":"https:\/\/mazmanuelaalvarez.com\/es\/wp-json\/wp\/v2\/product_cat?post=14319"},{"taxonomy":"product_tag","embeddable":true,"href":"https:\/\/mazmanuelaalvarez.com\/es\/wp-json\/wp\/v2\/product_tag?post=14319"}],"curies":[{"name":"wp","href":"https:\/\/api.w.org\/{rel}","templated":true}]}}