{"id":14311,"date":"2025-12-02T12:52:42","date_gmt":"2025-12-02T17:52:42","guid":{"rendered":"https:\/\/mazmanuelaalvarez.com\/?post_type=product&#038;p=14311"},"modified":"2025-12-02T13:54:02","modified_gmt":"2025-12-02T18:54:02","slug":"saco-tejido-bicolor-copy","status":"publish","type":"product","link":"https:\/\/mazmanuelaalvarez.com\/es\/producto\/saco-tejido-bicolor-copy\/","title":{"rendered":"SACO TEJIDO BICOLOR"},"content":{"rendered":"","protected":false},"excerpt":{"rendered":"<p>Saco tejido a rayas bicolor, que integra dos elementos ic\u00f3nicos de MAZ Manuela \u00c1lvarez: el contraste gr\u00e1fico de las rayas tejidas en dos tonos en tejido de punto de m\u00e1quina manual y las mangas voluminosas en forma de caracol. Concebido como una pieza reversible, puede usarse tanto al frente como al rev\u00e9s.<\/p>\n","protected":false},"featured_media":13850,"comment_status":"closed","ping_status":"closed","template":"","meta":[],"product_cat":[296,164,155],"product_tag":[254,243],"class_list":{"0":"post-14311","1":"product","2":"type-product","3":"status-publish","4":"has-post-thumbnail","6":"product_cat-alma-feral-es","7":"product_cat-tejido-de-punto","8":"product_cat-sacos","9":"product_tag-sacos","10":"product_tag-tejido-de-punto","12":"first","13":"instock","14":"featured","15":"shipping-taxable","16":"purchasable","17":"product-type-variable"},"_links":{"self":[{"href":"https:\/\/mazmanuelaalvarez.com\/es\/wp-json\/wp\/v2\/product\/14311","targetHints":{"allow":["GET"]}}],"collection":[{"href":"https:\/\/mazmanuelaalvarez.com\/es\/wp-json\/wp\/v2\/product"}],"about":[{"href":"https:\/\/mazmanuelaalvarez.com\/es\/wp-json\/wp\/v2\/types\/product"}],"replies":[{"embeddable":true,"href":"https:\/\/mazmanuelaalvarez.com\/es\/wp-json\/wp\/v2\/comments?post=14311"}],"wp:featuredmedia":[{"embeddable":true,"href":"https:\/\/mazmanuelaalvarez.com\/es\/wp-json\/wp\/v2\/media\/13850"}],"wp:attachment":[{"href":"https:\/\/mazmanuelaalvarez.com\/es\/wp-json\/wp\/v2\/media?parent=14311"}],"wp:term":[{"taxonomy":"product_cat","embeddable":true,"href":"https:\/\/mazmanuelaalvarez.com\/es\/wp-json\/wp\/v2\/product_cat?post=14311"},{"taxonomy":"product_tag","embeddable":true,"href":"https:\/\/mazmanuelaalvarez.com\/es\/wp-json\/wp\/v2\/product_tag?post=14311"}],"curies":[{"name":"wp","href":"https:\/\/api.w.org\/{rel}","templated":true}]}}