{"id":14245,"date":"2025-12-02T12:46:18","date_gmt":"2025-12-02T17:46:18","guid":{"rendered":"https:\/\/mazmanuelaalvarez.com\/?post_type=product&#038;p=14245"},"modified":"2025-12-02T13:55:19","modified_gmt":"2025-12-02T18:55:19","slug":"chaleco-suit-patron-copy","status":"publish","type":"product","link":"https:\/\/mazmanuelaalvarez.com\/es\/producto\/chaleco-suit-patron-copy\/","title":{"rendered":"CHALECO SUIT PATR\u00d3N"},"content":{"rendered":"","protected":false},"excerpt":{"rendered":"<p>Chaleco con el patr\u00f3n caracter\u00edstico de la colecci\u00f3n Alma Feral. De silueta recta y amplia, con flecos en los hombros y bolsillos, elaborados en el mismo telar. Cierra con botones forrados en tejido de telar.<\/p>\n<p>&nbsp;<\/p>\n","protected":false},"featured_media":13376,"comment_status":"closed","ping_status":"closed","template":"","meta":[],"product_cat":[296,163],"product_tag":[299],"class_list":{"0":"post-14245","1":"product","2":"type-product","3":"status-publish","4":"has-post-thumbnail","6":"product_cat-alma-feral-es","7":"product_cat-abrigos-y-chaquetas","8":"product_tag-chaleco","10":"first","11":"instock","12":"featured","13":"shipping-taxable","14":"purchasable","15":"product-type-variable"},"_links":{"self":[{"href":"https:\/\/mazmanuelaalvarez.com\/es\/wp-json\/wp\/v2\/product\/14245","targetHints":{"allow":["GET"]}}],"collection":[{"href":"https:\/\/mazmanuelaalvarez.com\/es\/wp-json\/wp\/v2\/product"}],"about":[{"href":"https:\/\/mazmanuelaalvarez.com\/es\/wp-json\/wp\/v2\/types\/product"}],"replies":[{"embeddable":true,"href":"https:\/\/mazmanuelaalvarez.com\/es\/wp-json\/wp\/v2\/comments?post=14245"}],"wp:featuredmedia":[{"embeddable":true,"href":"https:\/\/mazmanuelaalvarez.com\/es\/wp-json\/wp\/v2\/media\/13376"}],"wp:attachment":[{"href":"https:\/\/mazmanuelaalvarez.com\/es\/wp-json\/wp\/v2\/media?parent=14245"}],"wp:term":[{"taxonomy":"product_cat","embeddable":true,"href":"https:\/\/mazmanuelaalvarez.com\/es\/wp-json\/wp\/v2\/product_cat?post=14245"},{"taxonomy":"product_tag","embeddable":true,"href":"https:\/\/mazmanuelaalvarez.com\/es\/wp-json\/wp\/v2\/product_tag?post=14245"}],"curies":[{"name":"wp","href":"https:\/\/api.w.org\/{rel}","templated":true}]}}