{"id":14217,"date":"2025-12-02T12:44:54","date_gmt":"2025-12-02T17:44:54","guid":{"rendered":"https:\/\/mazmanuelaalvarez.com\/?post_type=product&#038;p=14217"},"modified":"2025-12-02T13:56:03","modified_gmt":"2025-12-02T18:56:03","slug":"pantalon-baggy-patron-copy","status":"publish","type":"product","link":"https:\/\/mazmanuelaalvarez.com\/es\/producto\/pantalon-baggy-patron-copy\/","title":{"rendered":"PANTAL\u00d3N BAGGY PATR\u00d3N"},"content":{"rendered":"","protected":false},"excerpt":{"rendered":"<p>Pantalones con el patr\u00f3n caracter\u00edstico de la colecci\u00f3n Alma Feral. De talle alto y silueta baggy y amplia, pensados para ofrecer un look fresco y c\u00f3modo.<\/p>\n<p>&nbsp;<\/p>\n","protected":false},"featured_media":13438,"comment_status":"closed","ping_status":"closed","template":"","meta":[],"product_cat":[296,158],"product_tag":[223],"class_list":{"0":"post-14217","1":"product","2":"type-product","3":"status-publish","4":"has-post-thumbnail","6":"product_cat-alma-feral-es","7":"product_cat-inferiores","8":"product_tag-pantalones-es","10":"first","11":"instock","12":"featured","13":"shipping-taxable","14":"purchasable","15":"product-type-variable"},"_links":{"self":[{"href":"https:\/\/mazmanuelaalvarez.com\/es\/wp-json\/wp\/v2\/product\/14217","targetHints":{"allow":["GET"]}}],"collection":[{"href":"https:\/\/mazmanuelaalvarez.com\/es\/wp-json\/wp\/v2\/product"}],"about":[{"href":"https:\/\/mazmanuelaalvarez.com\/es\/wp-json\/wp\/v2\/types\/product"}],"replies":[{"embeddable":true,"href":"https:\/\/mazmanuelaalvarez.com\/es\/wp-json\/wp\/v2\/comments?post=14217"}],"wp:featuredmedia":[{"embeddable":true,"href":"https:\/\/mazmanuelaalvarez.com\/es\/wp-json\/wp\/v2\/media\/13438"}],"wp:attachment":[{"href":"https:\/\/mazmanuelaalvarez.com\/es\/wp-json\/wp\/v2\/media?parent=14217"}],"wp:term":[{"taxonomy":"product_cat","embeddable":true,"href":"https:\/\/mazmanuelaalvarez.com\/es\/wp-json\/wp\/v2\/product_cat?post=14217"},{"taxonomy":"product_tag","embeddable":true,"href":"https:\/\/mazmanuelaalvarez.com\/es\/wp-json\/wp\/v2\/product_tag?post=14217"}],"curies":[{"name":"wp","href":"https:\/\/api.w.org\/{rel}","templated":true}]}}