{"id":14209,"date":"2025-12-02T12:42:53","date_gmt":"2025-12-02T17:42:53","guid":{"rendered":"https:\/\/mazmanuelaalvarez.com\/?post_type=product&#038;p=14209"},"modified":"2025-12-02T13:56:25","modified_gmt":"2025-12-02T18:56:25","slug":"top-bordado-telar-copy","status":"publish","type":"product","link":"https:\/\/mazmanuelaalvarez.com\/es\/producto\/top-bordado-telar-copy\/","title":{"rendered":"TOP BORDADO TELAR"},"content":{"rendered":"","protected":false},"excerpt":{"rendered":"<p>Top elaborado en algod\u00f3n negro tejido a mano en telar horizontal. Sobre esta base se borda manualmente, en hilos de algod\u00f3n crudo y negro, el patr\u00f3n caracter\u00edstico de la colecci\u00f3n Alma Feral. Con escote en \u201cv\u201d en el frente y la espalda, y un largo que llega hasta la cintura.<\/p>\n<p>&nbsp;<\/p>\n","protected":false},"featured_media":13587,"comment_status":"closed","ping_status":"closed","template":"","meta":[],"product_cat":[296],"product_tag":[297,245],"class_list":{"0":"post-14209","1":"product","2":"type-product","3":"status-publish","4":"has-post-thumbnail","6":"product_cat-alma-feral-es","7":"product_tag-bordado","8":"product_tag-tops-es","10":"first","11":"instock","12":"featured","13":"shipping-taxable","14":"purchasable","15":"product-type-variable"},"_links":{"self":[{"href":"https:\/\/mazmanuelaalvarez.com\/es\/wp-json\/wp\/v2\/product\/14209","targetHints":{"allow":["GET"]}}],"collection":[{"href":"https:\/\/mazmanuelaalvarez.com\/es\/wp-json\/wp\/v2\/product"}],"about":[{"href":"https:\/\/mazmanuelaalvarez.com\/es\/wp-json\/wp\/v2\/types\/product"}],"replies":[{"embeddable":true,"href":"https:\/\/mazmanuelaalvarez.com\/es\/wp-json\/wp\/v2\/comments?post=14209"}],"wp:featuredmedia":[{"embeddable":true,"href":"https:\/\/mazmanuelaalvarez.com\/es\/wp-json\/wp\/v2\/media\/13587"}],"wp:attachment":[{"href":"https:\/\/mazmanuelaalvarez.com\/es\/wp-json\/wp\/v2\/media?parent=14209"}],"wp:term":[{"taxonomy":"product_cat","embeddable":true,"href":"https:\/\/mazmanuelaalvarez.com\/es\/wp-json\/wp\/v2\/product_cat?post=14209"},{"taxonomy":"product_tag","embeddable":true,"href":"https:\/\/mazmanuelaalvarez.com\/es\/wp-json\/wp\/v2\/product_tag?post=14209"}],"curies":[{"name":"wp","href":"https:\/\/api.w.org\/{rel}","templated":true}]}}