{"id":14190,"date":"2025-12-02T12:41:55","date_gmt":"2025-12-02T17:41:55","guid":{"rendered":"https:\/\/mazmanuelaalvarez.com\/?post_type=product&#038;p=14190"},"modified":"2025-12-02T13:56:40","modified_gmt":"2025-12-02T18:56:40","slug":"camisa-capa-bordada-copy","status":"publish","type":"product","link":"https:\/\/mazmanuelaalvarez.com\/es\/producto\/camisa-capa-bordada-copy\/","title":{"rendered":"CAMISA CAPA BORDADA"},"content":{"rendered":"","protected":false},"excerpt":{"rendered":"<p>Una camisa que combina sastrer\u00eda con expresi\u00f3n artesanal. Dise\u00f1ada con mangas recogidas que aportan volumen y estructura, incorpora una forma \u201cmountain\u201d en el canes\u00fa posterior, desde donde desciende una larga tira bordada a mano con el patr\u00f3n distintivo de la colecci\u00f3n Alma Feral.<\/p>\n","protected":false},"featured_media":13924,"comment_status":"closed","ping_status":"closed","template":"","meta":[],"product_cat":[296,165],"product_tag":[297,252,298],"class_list":{"0":"post-14190","1":"product","2":"type-product","3":"status-publish","4":"has-post-thumbnail","6":"product_cat-alma-feral-es","7":"product_cat-camisas","8":"product_tag-bordado","9":"product_tag-camisero","10":"product_tag-lino","12":"first","13":"instock","14":"featured","15":"shipping-taxable","16":"purchasable","17":"product-type-variable"},"_links":{"self":[{"href":"https:\/\/mazmanuelaalvarez.com\/es\/wp-json\/wp\/v2\/product\/14190","targetHints":{"allow":["GET"]}}],"collection":[{"href":"https:\/\/mazmanuelaalvarez.com\/es\/wp-json\/wp\/v2\/product"}],"about":[{"href":"https:\/\/mazmanuelaalvarez.com\/es\/wp-json\/wp\/v2\/types\/product"}],"replies":[{"embeddable":true,"href":"https:\/\/mazmanuelaalvarez.com\/es\/wp-json\/wp\/v2\/comments?post=14190"}],"wp:featuredmedia":[{"embeddable":true,"href":"https:\/\/mazmanuelaalvarez.com\/es\/wp-json\/wp\/v2\/media\/13924"}],"wp:attachment":[{"href":"https:\/\/mazmanuelaalvarez.com\/es\/wp-json\/wp\/v2\/media?parent=14190"}],"wp:term":[{"taxonomy":"product_cat","embeddable":true,"href":"https:\/\/mazmanuelaalvarez.com\/es\/wp-json\/wp\/v2\/product_cat?post=14190"},{"taxonomy":"product_tag","embeddable":true,"href":"https:\/\/mazmanuelaalvarez.com\/es\/wp-json\/wp\/v2\/product_tag?post=14190"}],"curies":[{"name":"wp","href":"https:\/\/api.w.org\/{rel}","templated":true}]}}